{"id":714,"date":"2013-04-15T13:44:03","date_gmt":"2013-04-15T11:44:03","guid":{"rendered":"http:\/\/centrala.org.uk\/pl\/?post_type=product&#038;p=714"},"modified":"2014-09-17T11:23:23","modified_gmt":"2014-09-17T09:23:23","slug":"silence-katalog-miedzynarodowego-konkursu-na-komiks-bez-slow-ligatura-2012","status":"publish","type":"product","link":"https:\/\/centrala.org.uk\/pl\/sklep\/silence-katalog-miedzynarodowego-konkursu-na-komiks-bez-slow-ligatura-2012\/","title":{"rendered":"SILENCE &#8211; katalog mi\u0119dzynarodowego konkursu na komiks bez s\u0142\u00f3w \/ Ligatura 2012"},"content":{"rendered":"<p>Na konkurs wp\u0142yn\u0119\u0142o 191 prac z kilkudziesi\u0119ciu kraj\u00f3w. W katalogu znalaz\u0142o si\u0119 ponad 90 komiks\u00f3w artyst\u00f3w z Argentyny, Belgii, Bo\u015bni i Hercegowiny, Bu\u0142garii, Chin, Chorwacji, Czech, Danii, Finlandii, Francji, Hiszpanii, Holandii, Japonii, Kanady, Kazachstanu, Kolumbii, Litwy, \u0141otwy, Malezji, Niemiec, Polski, Portugalii, Rosji, RPA, Rumunii, S\u0142owenii, Szwajcarii, Szwecji, Tajwanu, Ukrainy, USA, W\u0119gier, Wielkiej Brytanii i W\u0142och.<\/p>\n<p style=\"text-align: justify\">Cz\u0142onkami jury w konkursie SILENCE byli:<\/p>\n<p style=\"text-align: justify\">&#8211; Tom Gauld &#8211; Wielka Brytania<br \/>\n&#8211; Erik Kriek &#8211; Holandia<br \/>\n&#8211; Tim Molloy &#8211; Australia \/ Nowa Zelandia<\/p>\n<p style=\"text-align: justify\">\n","protected":false},"excerpt":{"rendered":"<p style=\"text-align: justify\">Konkurs odbywa\u0142 si\u0119 w ramach 3 mi\u0119dzynarodowego festiwalu kultury komiksowej Ligatura.<\/p>\n","protected":false},"featured_media":715,"comment_status":"closed","ping_status":"closed","template":"","meta":{"_acf_changed":false},"product_brand":[],"product_cat":[32],"product_tag":[157,158,148,147],"series":[],"class_list":{"0":"post-714","1":"product","2":"type-product","3":"status-publish","4":"has-post-thumbnail","6":"product_cat-komiks","7":"product_tag-157","8":"product_tag-bez-slow","9":"product_tag-ligatura","10":"product_tag-silence","12":"first","13":"instock","14":"shipping-taxable","15":"purchasable","16":"product-type-simple"},"acf":[],"_links":{"self":[{"href":"https:\/\/centrala.org.uk\/pl\/wp-json\/wp\/v2\/product\/714","targetHints":{"allow":["GET"]}}],"collection":[{"href":"https:\/\/centrala.org.uk\/pl\/wp-json\/wp\/v2\/product"}],"about":[{"href":"https:\/\/centrala.org.uk\/pl\/wp-json\/wp\/v2\/types\/product"}],"replies":[{"embeddable":true,"href":"https:\/\/centrala.org.uk\/pl\/wp-json\/wp\/v2\/comments?post=714"}],"wp:featuredmedia":[{"embeddable":true,"href":"https:\/\/centrala.org.uk\/pl\/wp-json\/wp\/v2\/media\/715"}],"wp:attachment":[{"href":"https:\/\/centrala.org.uk\/pl\/wp-json\/wp\/v2\/media?parent=714"}],"wp:term":[{"taxonomy":"product_brand","embeddable":true,"href":"https:\/\/centrala.org.uk\/pl\/wp-json\/wp\/v2\/product_brand?post=714"},{"taxonomy":"product_cat","embeddable":true,"href":"https:\/\/centrala.org.uk\/pl\/wp-json\/wp\/v2\/product_cat?post=714"},{"taxonomy":"product_tag","embeddable":true,"href":"https:\/\/centrala.org.uk\/pl\/wp-json\/wp\/v2\/product_tag?post=714"},{"taxonomy":"series","embeddable":true,"href":"https:\/\/centrala.org.uk\/pl\/wp-json\/wp\/v2\/series?post=714"}],"curies":[{"name":"wp","href":"https:\/\/api.w.org\/{rel}","templated":true}]}}