{"id":718,"date":"2012-04-15T13:58:33","date_gmt":"2012-04-15T11:58:33","guid":{"rendered":"http:\/\/centrala.org.uk\/pl\/?post_type=product&#038;p=718"},"modified":"2024-02-04T11:27:08","modified_gmt":"2024-02-04T10:27:08","slug":"somnambule","status":"publish","type":"product","link":"https:\/\/centrala.org.uk\/pl\/sklep\/somnambule\/","title":{"rendered":"Somnambule"},"content":{"rendered":"<p>W tomie \u201eSomnambule\u201d , w historii pt. \u201eMarz kommt ins Museum\u201d (\u201eMarzec nasta\u0142 w muzeum\u201d) pokazuje dziewczyn\u0119, kt\u00f3ra wyczekuje kogo\u015b lub czego\u015b na balkonie \u00a0swojego ogromnego domu. Wida\u0107 \u017ce budynki s\u0105 z innej epoki, miejscowo\u015b\u0107 jak z obraz\u00f3w Boscha. Kiedy zapada zmierzch dziewczyna k\u0142adzie si\u0119 spa\u0107. \u00a0Budzi j\u0105 niepok\u00f3j. \u00a0Wychodzi na klatk\u0119 schodow\u0105, kieruje si\u0119 w d\u00f3\u0142. Zaniepokojona zauwa\u017ca, \u017ce drzwi od domu s\u0105 otwarte&#8230;<br \/>\nGreta Samuel,\u00a0Comixgrrrlz.pl<br \/>\nAnke Fauchteberger jest jedn\u0105 z najbardziej znanych niemieckich rysowniczek komiksowych. Urodzi\u0142a si\u0119 w Berlinie Wschodnim w 1963 roku, gdzie uko\u0144czy\u0142a Wydzia\u0142 Grafiki w Wy\u017cszej Szkole Sztuk Pi\u0119knych. Obecnie mieszka w Hamburgu i wyk\u0142ada w Pracownii Ilustracji na tamtejszym Hochschule f\u00fcr Angewandte Wissenschaften. Tworzy komiksy, ilustracje, rysunki oraz aktywnie dzia\u0142a w przestrzeni publicznej. Jej charakterystyczna kreska od lat \u015bledzona jest przez mi\u0142o\u015bnik\u00f3w dobrego komiksu.<\/p>\n","protected":false},"excerpt":{"rendered":"<p>Gdybym mia\u0142a zaw\u0119zi\u0107 jej tw\u00f3rczo\u015b\u0107 do kilku s\u0142\u00f3w u\u017cy\u0142abym \u201ecielesno\u015b\u0107\u201d, \u201emetafora\u201d i \u201einstynkt\u201d. Jej koncepcje bazuj\u0105 na instynkcie (\u2026).<\/p>\n","protected":false},"featured_media":719,"comment_status":"closed","ping_status":"closed","template":"","meta":{"_acf_changed":false},"product_brand":[],"product_cat":[32],"product_tag":[160,159],"series":[],"class_list":{"0":"post-718","1":"product","2":"type-product","3":"status-publish","4":"has-post-thumbnail","6":"product_cat-komiks","7":"product_tag-anke-feuchtenberger","8":"product_tag-somnambule","10":"first","11":"outofstock","12":"shipping-taxable","13":"purchasable","14":"product-type-simple"},"acf":[],"_links":{"self":[{"href":"https:\/\/centrala.org.uk\/pl\/wp-json\/wp\/v2\/product\/718","targetHints":{"allow":["GET"]}}],"collection":[{"href":"https:\/\/centrala.org.uk\/pl\/wp-json\/wp\/v2\/product"}],"about":[{"href":"https:\/\/centrala.org.uk\/pl\/wp-json\/wp\/v2\/types\/product"}],"replies":[{"embeddable":true,"href":"https:\/\/centrala.org.uk\/pl\/wp-json\/wp\/v2\/comments?post=718"}],"wp:featuredmedia":[{"embeddable":true,"href":"https:\/\/centrala.org.uk\/pl\/wp-json\/wp\/v2\/media\/719"}],"wp:attachment":[{"href":"https:\/\/centrala.org.uk\/pl\/wp-json\/wp\/v2\/media?parent=718"}],"wp:term":[{"taxonomy":"product_brand","embeddable":true,"href":"https:\/\/centrala.org.uk\/pl\/wp-json\/wp\/v2\/product_brand?post=718"},{"taxonomy":"product_cat","embeddable":true,"href":"https:\/\/centrala.org.uk\/pl\/wp-json\/wp\/v2\/product_cat?post=718"},{"taxonomy":"product_tag","embeddable":true,"href":"https:\/\/centrala.org.uk\/pl\/wp-json\/wp\/v2\/product_tag?post=718"},{"taxonomy":"series","embeddable":true,"href":"https:\/\/centrala.org.uk\/pl\/wp-json\/wp\/v2\/series?post=718"}],"curies":[{"name":"wp","href":"https:\/\/api.w.org\/{rel}","templated":true}]}}