{"id":722,"date":"2011-07-15T15:34:57","date_gmt":"2011-07-15T13:34:57","guid":{"rendered":"http:\/\/centrala.org.uk\/pl\/?post_type=product&#038;p=722"},"modified":"2024-02-04T11:27:53","modified_gmt":"2024-02-04T10:27:53","slug":"stuck-rubber-baby","status":"publish","type":"product","link":"https:\/\/centrala.org.uk\/pl\/sklep\/stuck-rubber-baby\/","title":{"rendered":"Stuck Rubber Baby"},"content":{"rendered":"<p>Jej fabu\u0142a (fikcyjna, acz oparta na autobiografii Cruse\u2019a) opowiada o walce o r\u00f3wnouprawnienie homoseksualist\u00f3w i czarnosk\u00f3rych Amerykan\u00f3w jaka toczy\u0142a si\u0119 w Stanach Zjednoczonych w latach sze\u015b\u0107dziesi\u0105tych ubieg\u0142ego wieku. G\u0142\u00f3wnym bohaterem opowie\u015bci jest Toland Polk, m\u0142ody bia\u0142y m\u0119\u017cczyzna odkrywaj\u0105cy swoje homoseksualne sk\u0142onno\u015bci, kt\u00f3ry by zaakceptowa\u0107 siebie musi prze\u0142ama\u0107 w\u0142asn\u0105 nietolerancj\u0119.<br \/>\nTworzony przez pi\u0119\u0107 lat komiks, okaza\u0142 si\u0119 olbrzymim artystycznym sukcesem i dzi\u015b uznawany jest za jedno z wielkich arcydzie\u0142 medium komiksowego.<br \/>\nWst\u0119p do komiksu napisa\u0142a Alison Bechdel &#8211; jedna z najwybitniejszych tworz\u0105cych obecnie artystek komiksowych w Stanach Zjednoczonych. Sama Bechdel jest lesbijk\u0105, za\u015b jej autobiograficzna powie\u015b\u0107 graficzna Fun Home: Tragikomiks rodzinny (polskie wydanie wydawnictwo Abiekt.pl wraz z timof i cisi wsp\u00f3lnicy) uznawana jest za jeden z najwybitniejszych komiks\u00f3w ostatnich lat.<\/p>\n<div id='gallery-1' class='gallery galleryid-722 gallery-columns-3 gallery-size-thumbnail'><figure class='gallery-item'>\n\t\t\t<div class='gallery-icon landscape'>\n\t\t\t\t<a href='https:\/\/centrala.org.uk\/pl\/?attachment_id=724'><img loading=\"lazy\" decoding=\"async\" width=\"220\" height=\"142\" src=\"https:\/\/centrala.org.uk\/pl\/wp-content\/uploads\/sites\/2\/2014\/09\/srb2-220x142.jpg\" class=\"attachment-thumbnail size-thumbnail\" alt=\"\" srcset=\"https:\/\/centrala.org.uk\/pl\/wp-content\/uploads\/sites\/2\/2014\/09\/srb2-220x142.jpg 220w, https:\/\/centrala.org.uk\/pl\/wp-content\/uploads\/sites\/2\/2014\/09\/srb2-210x135.jpg 210w, https:\/\/centrala.org.uk\/pl\/wp-content\/uploads\/sites\/2\/2014\/09\/srb2-480x310.jpg 480w, https:\/\/centrala.org.uk\/pl\/wp-content\/uploads\/sites\/2\/2014\/09\/srb2.jpg 600w\" sizes=\"auto, (max-width: 220px) 100vw, 220px\" \/><\/a>\n\t\t\t<\/div><\/figure>\n\t\t<\/div>\n\n","protected":false},"excerpt":{"rendered":"<p>Komiks uwa\u017cany za jedno z arcydzie\u0142 gatunku. Powie\u015b\u0107 graficzna autorstwa Howarda Cruse\u2019a po raz pierwszy ukaza\u0142a si\u0119 w 1995 roku.<\/p>\n","protected":false},"featured_media":723,"comment_status":"closed","ping_status":"closed","template":"","meta":{"_acf_changed":false},"product_brand":[],"product_cat":[27],"product_tag":[163,166,165,162,161,164],"series":[],"class_list":{"0":"post-722","1":"product","2":"type-product","3":"status-publish","4":"has-post-thumbnail","6":"product_cat-powiesc-graficzna","7":"product_tag-baby","8":"product_tag-cruse","9":"product_tag-howard","10":"product_tag-rubber","11":"product_tag-stuck","12":"product_tag-stuck-rubber-baby","14":"first","15":"outofstock","16":"shipping-taxable","17":"purchasable","18":"product-type-simple"},"acf":[],"_links":{"self":[{"href":"https:\/\/centrala.org.uk\/pl\/wp-json\/wp\/v2\/product\/722","targetHints":{"allow":["GET"]}}],"collection":[{"href":"https:\/\/centrala.org.uk\/pl\/wp-json\/wp\/v2\/product"}],"about":[{"href":"https:\/\/centrala.org.uk\/pl\/wp-json\/wp\/v2\/types\/product"}],"replies":[{"embeddable":true,"href":"https:\/\/centrala.org.uk\/pl\/wp-json\/wp\/v2\/comments?post=722"}],"wp:featuredmedia":[{"embeddable":true,"href":"https:\/\/centrala.org.uk\/pl\/wp-json\/wp\/v2\/media\/723"}],"wp:attachment":[{"href":"https:\/\/centrala.org.uk\/pl\/wp-json\/wp\/v2\/media?parent=722"}],"wp:term":[{"taxonomy":"product_brand","embeddable":true,"href":"https:\/\/centrala.org.uk\/pl\/wp-json\/wp\/v2\/product_brand?post=722"},{"taxonomy":"product_cat","embeddable":true,"href":"https:\/\/centrala.org.uk\/pl\/wp-json\/wp\/v2\/product_cat?post=722"},{"taxonomy":"product_tag","embeddable":true,"href":"https:\/\/centrala.org.uk\/pl\/wp-json\/wp\/v2\/product_tag?post=722"},{"taxonomy":"series","embeddable":true,"href":"https:\/\/centrala.org.uk\/pl\/wp-json\/wp\/v2\/series?post=722"}],"curies":[{"name":"wp","href":"https:\/\/api.w.org\/{rel}","templated":true}]}}