{"id":727,"date":"2013-05-15T15:43:35","date_gmt":"2013-05-15T13:43:35","guid":{"rendered":"http:\/\/centrala.org.uk\/pl\/?post_type=product&#038;p=727"},"modified":"2016-10-04T15:57:16","modified_gmt":"2016-10-04T13:57:16","slug":"tej-nocy-dzika-paprotka","status":"publish","type":"product","link":"https:\/\/centrala.org.uk\/pl\/sklep\/tej-nocy-dzika-paprotka\/","title":{"rendered":"Tej nocy dzika paprotka."},"content":{"rendered":"<p>S\u0142oneczny, sobotni poranek dla siedmioletniegoTomka nie zapowiada si\u0119 zbyt weso\u0142o. W sypialni rodzic\u00f3w zamiast mamy znajduje paprotk\u0119-monstrum. Obok niej \u015bpi spokojnie niczego nie podejrzewaj\u0105cy tata.<\/p>\n<p>Co zrobi\u0105 Tomek i jego pies Mumin? Jak si\u0119 zako\u0144czy mro\u017c\u0105ce krew w \u017cy\u0142ach spotkanie dzielnego ch\u0142opca i przeokropnej ro\u015bliny?<\/p>\n<div id='gallery-1' class='gallery galleryid-727 gallery-columns-3 gallery-size-thumbnail'><figure class='gallery-item'>\n\t\t\t<div class='gallery-icon portrait'>\n\t\t\t\t<a href='https:\/\/centrala.org.uk\/pl\/?attachment_id=729'><img loading=\"lazy\" decoding=\"async\" width=\"220\" height=\"290\" src=\"https:\/\/centrala.org.uk\/pl\/wp-content\/uploads\/sites\/2\/2014\/09\/paprot2-220x290.jpg\" class=\"attachment-thumbnail size-thumbnail\" alt=\"\" srcset=\"https:\/\/centrala.org.uk\/pl\/wp-content\/uploads\/sites\/2\/2014\/09\/paprot2-220x290.jpg 220w, https:\/\/centrala.org.uk\/pl\/wp-content\/uploads\/sites\/2\/2014\/09\/paprot2-640x844.jpg 640w, https:\/\/centrala.org.uk\/pl\/wp-content\/uploads\/sites\/2\/2014\/09\/paprot2-681x900.jpg 681w, https:\/\/centrala.org.uk\/pl\/wp-content\/uploads\/sites\/2\/2014\/09\/paprot2-210x277.jpg 210w, https:\/\/centrala.org.uk\/pl\/wp-content\/uploads\/sites\/2\/2014\/09\/paprot2-480x633.jpg 480w, https:\/\/centrala.org.uk\/pl\/wp-content\/uploads\/sites\/2\/2014\/09\/paprot2.jpg 1298w\" sizes=\"auto, (max-width: 220px) 100vw, 220px\" \/><\/a>\n\t\t\t<\/div><\/figure><figure class='gallery-item'>\n\t\t\t<div class='gallery-icon portrait'>\n\t\t\t\t<a href='https:\/\/centrala.org.uk\/pl\/?attachment_id=730'><img loading=\"lazy\" decoding=\"async\" width=\"220\" height=\"290\" src=\"https:\/\/centrala.org.uk\/pl\/wp-content\/uploads\/sites\/2\/2014\/09\/paprot3-220x290.jpg\" class=\"attachment-thumbnail size-thumbnail\" alt=\"\" srcset=\"https:\/\/centrala.org.uk\/pl\/wp-content\/uploads\/sites\/2\/2014\/09\/paprot3-220x290.jpg 220w, https:\/\/centrala.org.uk\/pl\/wp-content\/uploads\/sites\/2\/2014\/09\/paprot3-640x844.jpg 640w, https:\/\/centrala.org.uk\/pl\/wp-content\/uploads\/sites\/2\/2014\/09\/paprot3-681x900.jpg 681w, https:\/\/centrala.org.uk\/pl\/wp-content\/uploads\/sites\/2\/2014\/09\/paprot3-210x277.jpg 210w, https:\/\/centrala.org.uk\/pl\/wp-content\/uploads\/sites\/2\/2014\/09\/paprot3-480x633.jpg 480w, https:\/\/centrala.org.uk\/pl\/wp-content\/uploads\/sites\/2\/2014\/09\/paprot3.jpg 1298w\" sizes=\"auto, (max-width: 220px) 100vw, 220px\" \/><\/a>\n\t\t\t<\/div><\/figure><figure class='gallery-item'>\n\t\t\t<div class='gallery-icon portrait'>\n\t\t\t\t<a href='https:\/\/centrala.org.uk\/pl\/?attachment_id=731'><img loading=\"lazy\" decoding=\"async\" width=\"220\" height=\"290\" src=\"https:\/\/centrala.org.uk\/pl\/wp-content\/uploads\/sites\/2\/2014\/09\/paprot4-220x290.jpg\" class=\"attachment-thumbnail size-thumbnail\" alt=\"\" srcset=\"https:\/\/centrala.org.uk\/pl\/wp-content\/uploads\/sites\/2\/2014\/09\/paprot4-220x290.jpg 220w, https:\/\/centrala.org.uk\/pl\/wp-content\/uploads\/sites\/2\/2014\/09\/paprot4-640x844.jpg 640w, https:\/\/centrala.org.uk\/pl\/wp-content\/uploads\/sites\/2\/2014\/09\/paprot4-681x900.jpg 681w, https:\/\/centrala.org.uk\/pl\/wp-content\/uploads\/sites\/2\/2014\/09\/paprot4-210x277.jpg 210w, https:\/\/centrala.org.uk\/pl\/wp-content\/uploads\/sites\/2\/2014\/09\/paprot4-480x633.jpg 480w, https:\/\/centrala.org.uk\/pl\/wp-content\/uploads\/sites\/2\/2014\/09\/paprot4.jpg 1298w\" sizes=\"auto, (max-width: 220px) 100vw, 220px\" \/><\/a>\n\t\t\t<\/div><\/figure><figure class='gallery-item'>\n\t\t\t<div class='gallery-icon portrait'>\n\t\t\t\t<a href='https:\/\/centrala.org.uk\/pl\/?attachment_id=732'><img loading=\"lazy\" decoding=\"async\" width=\"220\" height=\"290\" src=\"https:\/\/centrala.org.uk\/pl\/wp-content\/uploads\/sites\/2\/2014\/09\/paprot6-220x290.jpg\" class=\"attachment-thumbnail size-thumbnail\" alt=\"\" srcset=\"https:\/\/centrala.org.uk\/pl\/wp-content\/uploads\/sites\/2\/2014\/09\/paprot6-220x290.jpg 220w, https:\/\/centrala.org.uk\/pl\/wp-content\/uploads\/sites\/2\/2014\/09\/paprot6-640x844.jpg 640w, https:\/\/centrala.org.uk\/pl\/wp-content\/uploads\/sites\/2\/2014\/09\/paprot6-681x900.jpg 681w, https:\/\/centrala.org.uk\/pl\/wp-content\/uploads\/sites\/2\/2014\/09\/paprot6-210x277.jpg 210w, https:\/\/centrala.org.uk\/pl\/wp-content\/uploads\/sites\/2\/2014\/09\/paprot6-480x633.jpg 480w, https:\/\/centrala.org.uk\/pl\/wp-content\/uploads\/sites\/2\/2014\/09\/paprot6.jpg 1298w\" sizes=\"auto, (max-width: 220px) 100vw, 220px\" \/><\/a>\n\t\t\t<\/div><\/figure><figure class='gallery-item'>\n\t\t\t<div class='gallery-icon portrait'>\n\t\t\t\t<a href='https:\/\/centrala.org.uk\/pl\/?attachment_id=733'><img loading=\"lazy\" decoding=\"async\" width=\"220\" height=\"290\" src=\"https:\/\/centrala.org.uk\/pl\/wp-content\/uploads\/sites\/2\/2014\/09\/paprot7-220x290.jpg\" class=\"attachment-thumbnail size-thumbnail\" alt=\"\" srcset=\"https:\/\/centrala.org.uk\/pl\/wp-content\/uploads\/sites\/2\/2014\/09\/paprot7-220x290.jpg 220w, https:\/\/centrala.org.uk\/pl\/wp-content\/uploads\/sites\/2\/2014\/09\/paprot7-640x844.jpg 640w, https:\/\/centrala.org.uk\/pl\/wp-content\/uploads\/sites\/2\/2014\/09\/paprot7-681x900.jpg 681w, https:\/\/centrala.org.uk\/pl\/wp-content\/uploads\/sites\/2\/2014\/09\/paprot7-210x277.jpg 210w, https:\/\/centrala.org.uk\/pl\/wp-content\/uploads\/sites\/2\/2014\/09\/paprot7-480x633.jpg 480w, https:\/\/centrala.org.uk\/pl\/wp-content\/uploads\/sites\/2\/2014\/09\/paprot7.jpg 1298w\" sizes=\"auto, (max-width: 220px) 100vw, 220px\" \/><\/a>\n\t\t\t<\/div><\/figure>\n\t\t<\/div>\n\n","protected":false},"excerpt":{"rendered":"<p>Tej nocy dzika paprotka, scen. Marzena Sowa, rys. Berenika Ko\u0142omycka.<\/p>\n","protected":false},"featured_media":728,"comment_status":"closed","ping_status":"closed","template":"","meta":{"_acf_changed":false},"product_brand":[],"product_cat":[42,32],"product_tag":[],"series":[],"class_list":{"0":"post-727","1":"product","2":"type-product","3":"status-publish","4":"has-post-thumbnail","6":"product_cat-dla-dzieci","7":"product_cat-komiks","9":"first","10":"outofstock","11":"shipping-taxable","12":"purchasable","13":"product-type-simple"},"acf":[],"_links":{"self":[{"href":"https:\/\/centrala.org.uk\/pl\/wp-json\/wp\/v2\/product\/727","targetHints":{"allow":["GET"]}}],"collection":[{"href":"https:\/\/centrala.org.uk\/pl\/wp-json\/wp\/v2\/product"}],"about":[{"href":"https:\/\/centrala.org.uk\/pl\/wp-json\/wp\/v2\/types\/product"}],"replies":[{"embeddable":true,"href":"https:\/\/centrala.org.uk\/pl\/wp-json\/wp\/v2\/comments?post=727"}],"wp:featuredmedia":[{"embeddable":true,"href":"https:\/\/centrala.org.uk\/pl\/wp-json\/wp\/v2\/media\/728"}],"wp:attachment":[{"href":"https:\/\/centrala.org.uk\/pl\/wp-json\/wp\/v2\/media?parent=727"}],"wp:term":[{"taxonomy":"product_brand","embeddable":true,"href":"https:\/\/centrala.org.uk\/pl\/wp-json\/wp\/v2\/product_brand?post=727"},{"taxonomy":"product_cat","embeddable":true,"href":"https:\/\/centrala.org.uk\/pl\/wp-json\/wp\/v2\/product_cat?post=727"},{"taxonomy":"product_tag","embeddable":true,"href":"https:\/\/centrala.org.uk\/pl\/wp-json\/wp\/v2\/product_tag?post=727"},{"taxonomy":"series","embeddable":true,"href":"https:\/\/centrala.org.uk\/pl\/wp-json\/wp\/v2\/series?post=727"}],"curies":[{"name":"wp","href":"https:\/\/api.w.org\/{rel}","templated":true}]}}