{"id":748,"date":"2013-10-15T16:03:42","date_gmt":"2013-10-15T14:03:42","guid":{"rendered":"http:\/\/centrala.org.uk\/pl\/?post_type=product&#038;p=748"},"modified":"2015-08-04T15:15:06","modified_gmt":"2015-08-04T13:15:06","slug":"tm-semic-najwieksze-komiksowe-wydawnictwo-lat-dziewiecdziesiatych-w-polsce","status":"publish","type":"product","link":"https:\/\/centrala.org.uk\/pl\/sklep\/tm-semic-najwieksze-komiksowe-wydawnictwo-lat-dziewiecdziesiatych-w-polsce\/","title":{"rendered":"TM &#8211; Semic. Najwi\u0119ksze komiksowe wydawnictwo lat dziewi\u0119\u0107dziesi\u0105tych w Polsce &#8211; NAK\u0141AD WYCZERPANY"},"content":{"rendered":"<p>Ka\u017cdy m\u00f3g\u0142 w bogatej ofercie znale\u017a\u0107 co\u015b dla siebie. Oczywi\u015bcie zawsze najwa\u017cniejsze by\u0142y serie<br \/>\no superbohaterach. To dzi\u0119ki ameryka\u0144skim herosom w trykotach TM-Semic zbudowa\u0142o pot\u0119g\u0119 i r\u00f3wnie\u017c, w du\u017cej mierze, przez nich upad\u0142o.<\/p>\n<p>Wydawnictwo niemal\u017ce nie mia\u0142o konkurencji na polskim rynku w latach dziewi\u0119\u0107dziesi\u0105tych.<br \/>\nDostarcza\u0142o nie tylko rozrywk\u0119, zawarto\u015b\u0107 zeszyt\u00f3w bowiem inspirowa\u0142a wielu tw\u00f3rc\u00f3w i wzbudza\u0142a kontrowersje w komiksowym \u015bwiatku. Nadal wspominane jest przez wielu i zas\u0142u\u017cy\u0142o na opracowanie podsumowuj\u0105ce ponad dekad\u0119 dzia\u0142alno\u015bci. Od pocz\u0105tk\u00f3w w czasach raczkuj\u0105cego polskiego kapitalizmu, przez lata \u015bwietno\u015bci, a\u017c po powoln\u0105 agoni\u0119 w okresie, kiedy mo\u017cna by\u0142o m\u00f3wi\u0107 o krajowym rynku komiksowym. Cho\u0107 oficyna wydawa\u0142a tylko zagraniczne tytu\u0142y, sta\u0142a si\u0119 jedn\u0105 z najwa\u017cniejszych w historii polskiego komiksu.<\/p>\n<p>Autorem ilustracji na ok\u0142adce jest Marcin Rustecki, by\u0142y redaktor naczelny TM-Semic.<\/p>\n<p><strong>\u0141ukasz Kowalczuk<\/strong><\/p>\n<p>Urodzony w 1983 roku. Zamiast bajek tata czyta\u0142 mu do poduszki komiksy z KAW. W latach dziewi\u0119\u0107dziesi\u0105tych \u015bledzi\u0142 wi\u0119kszo\u015b\u0107 wydawanych w Polsce zeszyt\u00f3w o superbohaterach.<br \/>\nPotem nast\u0105pi\u0142o kilka lat poza \u015bwiatem komiksu. Dzi\u0119ki pracy magisterskiej traktuj\u0105cej o TM-Semic (temat zaproponowa\u0142 promotor, profesor Jerzy Szy\u0142ak) zainteresowanie wr\u00f3ci\u0142o ze zdwojon\u0105 si\u0142\u0105.<br \/>\nNigdy nie nadrobi czytelniczych zaleg\u0142o\u015bci, ale bardzo si\u0119 stara.<br \/>\nDzi\u015b pisze scenariusze i rysuje (zin \u201eNienawidz\u0119 Ludzi\u201d). Prowadzi miniwydawnictwo SmallPress.pl oraz Szlam.net \u2212 serwis o produktach popkultury, kt\u00f3re s\u0105 cz\u0119sto tak z\u0142e, \u017ce a\u017c dobre.<br \/>\nNiniejsza ksi\u0105\u017cka to debiut, ale autor nie prosi o wyrozumia\u0142o\u015b\u0107. Wr\u0119cz przeciwnie.<\/p>\n","protected":false},"excerpt":{"rendered":"<p>Dziedzictwo TM-Semic to niemal tysi\u0105c komiks\u00f3w. \u0141\u0105czny nak\u0142ad tytu\u0142\u00f3w mo\u017ce spowodowa\u0107 zawroty g\u0142owy u dzisiejszych wydawc\u00f3w. Nie tylko tych zajmuj\u0105cych si\u0119 historyjkami obrazkowymi.<\/p>\n","protected":false},"featured_media":749,"comment_status":"closed","ping_status":"closed","template":"","meta":{"_acf_changed":false},"product_brand":[],"product_cat":[28],"product_tag":[175,174,176,177],"series":[],"class_list":{"0":"post-748","1":"product","2":"type-product","3":"status-publish","4":"has-post-thumbnail","6":"product_cat-teksty-o-komiksie","7":"product_tag-kowalczuk","8":"product_tag-lukasz","9":"product_tag-lukasz-kowalczuk","10":"product_tag-tm-semic","12":"first","13":"outofstock","14":"shipping-taxable","15":"purchasable","16":"product-type-simple"},"acf":[],"_links":{"self":[{"href":"https:\/\/centrala.org.uk\/pl\/wp-json\/wp\/v2\/product\/748","targetHints":{"allow":["GET"]}}],"collection":[{"href":"https:\/\/centrala.org.uk\/pl\/wp-json\/wp\/v2\/product"}],"about":[{"href":"https:\/\/centrala.org.uk\/pl\/wp-json\/wp\/v2\/types\/product"}],"replies":[{"embeddable":true,"href":"https:\/\/centrala.org.uk\/pl\/wp-json\/wp\/v2\/comments?post=748"}],"wp:featuredmedia":[{"embeddable":true,"href":"https:\/\/centrala.org.uk\/pl\/wp-json\/wp\/v2\/media\/749"}],"wp:attachment":[{"href":"https:\/\/centrala.org.uk\/pl\/wp-json\/wp\/v2\/media?parent=748"}],"wp:term":[{"taxonomy":"product_brand","embeddable":true,"href":"https:\/\/centrala.org.uk\/pl\/wp-json\/wp\/v2\/product_brand?post=748"},{"taxonomy":"product_cat","embeddable":true,"href":"https:\/\/centrala.org.uk\/pl\/wp-json\/wp\/v2\/product_cat?post=748"},{"taxonomy":"product_tag","embeddable":true,"href":"https:\/\/centrala.org.uk\/pl\/wp-json\/wp\/v2\/product_tag?post=748"},{"taxonomy":"series","embeddable":true,"href":"https:\/\/centrala.org.uk\/pl\/wp-json\/wp\/v2\/series?post=748"}],"curies":[{"name":"wp","href":"https:\/\/api.w.org\/{rel}","templated":true}]}}