{"id":752,"date":"2013-03-15T16:21:05","date_gmt":"2013-03-15T15:21:05","guid":{"rendered":"http:\/\/centrala.org.uk\/pl\/?post_type=product&#038;p=752"},"modified":"2024-02-04T11:26:43","modified_gmt":"2024-02-04T10:26:43","slug":"v","status":"publish","type":"product","link":"https:\/\/centrala.org.uk\/pl\/sklep\/v\/","title":{"rendered":"V"},"content":{"rendered":"<p>Zastanawia mnie, czy istnieje konflikt mi\u0119dzy fikcj\u0105 a rzeczywisto\u015bci\u0105, czy zdolno\u015b\u0107 przywo\u0142ywania do\u015bwiadcze\u0144, konstruowania opowie\u015bci opartych na r\u00f3\u017cnego typu strukturach to tylko (i a\u017c) umiej\u0119tno\u015b\u0107 kszta\u0142towania materii j\u0119zykowej. Czy \u017cyjemy w narracjach, czy sami nimi jeste\u015bmy. Postanowi\u0142am niekt\u00f3re poj\u0119cia pojawiaj\u0105ce si\u0119 w obr\u0119bie teorii literatury potraktowa\u0107 jak fakty istniej\u0105ce w \u015bwiecie, po kt\u00f3rym w\u0119druje bohater V. Bohater odznacza si\u0119 zdekonstruowan\u0105, k\u0142\u0105czast\u0105 fryzur\u0105, kt\u00f3ra ma zwi\u0105zek z opowiastkami-dzie\u0142kami otwartymi, kt\u00f3rymi ch\u0119tnie si\u0119 dzieli.<br \/>\nCzy uda si\u0119 Prymitywnym Cwaniakom zamkn\u0105\u0107 je w swoich cyferkowych lochach?<br \/>\nZapraszam do ogl\u0105dania\/czytania\/interpretowania!<\/p>\n<p>&nbsp;<\/p>\n<p>Gosia Kulik (15.07.1985) Jestem absolwentk\u0105 ASP w Katowicach. Uzyska\u0142am dyplom z malarstwa w 2012 r. Moja tw\u00f3rcza uwaga skupiona jest wok\u00f3\u0142 wszelakich narracyjnych form wizualnych. Historia, narracja , czasem ironiczna i paradoksalna pointa s\u0105 tym co dla mnie wa\u017cne i zazwyczaj obecne w podejmowanych przeze mnie dzia\u0142aniach. Lubi\u0119 opowiada\u0107 historie zwyk\u0142ych ludzi wpl\u0105tanych w niezwyk\u0142e sytuacje. Mroczne, ciemne i wstydliwe cz\u0119\u015bci ich \u017cycia w komiksach, kt\u00f3re rysuj\u0119 \/ pisz\u0119 wy\u0142aniaj\u0105 si\u0119 spod fasady ich codzienno\u015bci. Ekscytuj\u0105ce jest odkrywanie jak s\u0105 bezradni i samotni przy wykonywaniu prozaicznych czynno\u015bci. Staram si\u0119 m\u00f3wi\u0107 o dziwactwie, kt\u00f3re jest generowane przez szczeg\u00f3\u0142 pozornie nieistotny. Moj\u0105 inspiracj\u0105 s\u0105 rzeczy i historie ju\u017c zu\u017cyte, prze\u017cyte, zas\u0142yszane.<\/p>\n<div id='gallery-1' class='gallery galleryid-752 gallery-columns-3 gallery-size-thumbnail'><figure class='gallery-item'>\n\t\t\t<div class='gallery-icon portrait'>\n\t\t\t\t<a href='https:\/\/centrala.org.uk\/pl\/?attachment_id=754'><img loading=\"lazy\" decoding=\"async\" width=\"220\" height=\"303\" src=\"https:\/\/centrala.org.uk\/pl\/wp-content\/uploads\/sites\/2\/2014\/09\/v2-220x303.jpg\" class=\"attachment-thumbnail size-thumbnail\" alt=\"\" srcset=\"https:\/\/centrala.org.uk\/pl\/wp-content\/uploads\/sites\/2\/2014\/09\/v2-220x303.jpg 220w, https:\/\/centrala.org.uk\/pl\/wp-content\/uploads\/sites\/2\/2014\/09\/v2-640x881.jpg 640w, https:\/\/centrala.org.uk\/pl\/wp-content\/uploads\/sites\/2\/2014\/09\/v2-653x900.jpg 653w, https:\/\/centrala.org.uk\/pl\/wp-content\/uploads\/sites\/2\/2014\/09\/v2-210x289.jpg 210w, https:\/\/centrala.org.uk\/pl\/wp-content\/uploads\/sites\/2\/2014\/09\/v2-480x661.jpg 480w, https:\/\/centrala.org.uk\/pl\/wp-content\/uploads\/sites\/2\/2014\/09\/v2.jpg 998w\" sizes=\"auto, (max-width: 220px) 100vw, 220px\" \/><\/a>\n\t\t\t<\/div><\/figure><figure class='gallery-item'>\n\t\t\t<div class='gallery-icon portrait'>\n\t\t\t\t<a href='https:\/\/centrala.org.uk\/pl\/?attachment_id=755'><img loading=\"lazy\" decoding=\"async\" width=\"220\" height=\"303\" src=\"https:\/\/centrala.org.uk\/pl\/wp-content\/uploads\/sites\/2\/2014\/09\/v3-220x303.jpg\" class=\"attachment-thumbnail size-thumbnail\" alt=\"\" srcset=\"https:\/\/centrala.org.uk\/pl\/wp-content\/uploads\/sites\/2\/2014\/09\/v3-220x303.jpg 220w, https:\/\/centrala.org.uk\/pl\/wp-content\/uploads\/sites\/2\/2014\/09\/v3-640x881.jpg 640w, https:\/\/centrala.org.uk\/pl\/wp-content\/uploads\/sites\/2\/2014\/09\/v3-653x900.jpg 653w, https:\/\/centrala.org.uk\/pl\/wp-content\/uploads\/sites\/2\/2014\/09\/v3-210x289.jpg 210w, https:\/\/centrala.org.uk\/pl\/wp-content\/uploads\/sites\/2\/2014\/09\/v3-480x661.jpg 480w, https:\/\/centrala.org.uk\/pl\/wp-content\/uploads\/sites\/2\/2014\/09\/v3.jpg 998w\" sizes=\"auto, (max-width: 220px) 100vw, 220px\" \/><\/a>\n\t\t\t<\/div><\/figure><figure class='gallery-item'>\n\t\t\t<div class='gallery-icon portrait'>\n\t\t\t\t<a href='https:\/\/centrala.org.uk\/pl\/?attachment_id=756'><img loading=\"lazy\" decoding=\"async\" width=\"220\" height=\"303\" src=\"https:\/\/centrala.org.uk\/pl\/wp-content\/uploads\/sites\/2\/2014\/09\/v4-220x303.jpg\" class=\"attachment-thumbnail size-thumbnail\" alt=\"\" srcset=\"https:\/\/centrala.org.uk\/pl\/wp-content\/uploads\/sites\/2\/2014\/09\/v4-220x303.jpg 220w, https:\/\/centrala.org.uk\/pl\/wp-content\/uploads\/sites\/2\/2014\/09\/v4-640x881.jpg 640w, https:\/\/centrala.org.uk\/pl\/wp-content\/uploads\/sites\/2\/2014\/09\/v4-653x900.jpg 653w, https:\/\/centrala.org.uk\/pl\/wp-content\/uploads\/sites\/2\/2014\/09\/v4-210x289.jpg 210w, https:\/\/centrala.org.uk\/pl\/wp-content\/uploads\/sites\/2\/2014\/09\/v4-480x661.jpg 480w, https:\/\/centrala.org.uk\/pl\/wp-content\/uploads\/sites\/2\/2014\/09\/v4.jpg 998w\" sizes=\"auto, (max-width: 220px) 100vw, 220px\" \/><\/a>\n\t\t\t<\/div><\/figure><figure class='gallery-item'>\n\t\t\t<div class='gallery-icon portrait'>\n\t\t\t\t<a href='https:\/\/centrala.org.uk\/pl\/?attachment_id=757'><img loading=\"lazy\" decoding=\"async\" width=\"220\" height=\"303\" src=\"https:\/\/centrala.org.uk\/pl\/wp-content\/uploads\/sites\/2\/2014\/09\/v5-220x303.jpg\" class=\"attachment-thumbnail size-thumbnail\" alt=\"\" srcset=\"https:\/\/centrala.org.uk\/pl\/wp-content\/uploads\/sites\/2\/2014\/09\/v5-220x303.jpg 220w, https:\/\/centrala.org.uk\/pl\/wp-content\/uploads\/sites\/2\/2014\/09\/v5-640x881.jpg 640w, https:\/\/centrala.org.uk\/pl\/wp-content\/uploads\/sites\/2\/2014\/09\/v5-653x900.jpg 653w, https:\/\/centrala.org.uk\/pl\/wp-content\/uploads\/sites\/2\/2014\/09\/v5-210x289.jpg 210w, https:\/\/centrala.org.uk\/pl\/wp-content\/uploads\/sites\/2\/2014\/09\/v5-480x661.jpg 480w, https:\/\/centrala.org.uk\/pl\/wp-content\/uploads\/sites\/2\/2014\/09\/v5.jpg 998w\" sizes=\"auto, (max-width: 220px) 100vw, 220px\" \/><\/a>\n\t\t\t<\/div><\/figure><figure class='gallery-item'>\n\t\t\t<div class='gallery-icon portrait'>\n\t\t\t\t<a href='https:\/\/centrala.org.uk\/pl\/?attachment_id=758'><img loading=\"lazy\" decoding=\"async\" width=\"220\" height=\"303\" src=\"https:\/\/centrala.org.uk\/pl\/wp-content\/uploads\/sites\/2\/2014\/09\/v6-220x303.jpg\" class=\"attachment-thumbnail size-thumbnail\" alt=\"\" srcset=\"https:\/\/centrala.org.uk\/pl\/wp-content\/uploads\/sites\/2\/2014\/09\/v6-220x303.jpg 220w, https:\/\/centrala.org.uk\/pl\/wp-content\/uploads\/sites\/2\/2014\/09\/v6-640x881.jpg 640w, https:\/\/centrala.org.uk\/pl\/wp-content\/uploads\/sites\/2\/2014\/09\/v6-653x900.jpg 653w, https:\/\/centrala.org.uk\/pl\/wp-content\/uploads\/sites\/2\/2014\/09\/v6-210x289.jpg 210w, https:\/\/centrala.org.uk\/pl\/wp-content\/uploads\/sites\/2\/2014\/09\/v6-480x661.jpg 480w, https:\/\/centrala.org.uk\/pl\/wp-content\/uploads\/sites\/2\/2014\/09\/v6.jpg 998w\" sizes=\"auto, (max-width: 220px) 100vw, 220px\" \/><\/a>\n\t\t\t<\/div><\/figure><figure class='gallery-item'>\n\t\t\t<div class='gallery-icon portrait'>\n\t\t\t\t<a href='https:\/\/centrala.org.uk\/pl\/?attachment_id=759'><img loading=\"lazy\" decoding=\"async\" width=\"220\" height=\"303\" src=\"https:\/\/centrala.org.uk\/pl\/wp-content\/uploads\/sites\/2\/2014\/09\/v7-220x303.jpg\" class=\"attachment-thumbnail size-thumbnail\" alt=\"\" srcset=\"https:\/\/centrala.org.uk\/pl\/wp-content\/uploads\/sites\/2\/2014\/09\/v7-220x303.jpg 220w, https:\/\/centrala.org.uk\/pl\/wp-content\/uploads\/sites\/2\/2014\/09\/v7-640x881.jpg 640w, https:\/\/centrala.org.uk\/pl\/wp-content\/uploads\/sites\/2\/2014\/09\/v7-653x900.jpg 653w, https:\/\/centrala.org.uk\/pl\/wp-content\/uploads\/sites\/2\/2014\/09\/v7-210x289.jpg 210w, https:\/\/centrala.org.uk\/pl\/wp-content\/uploads\/sites\/2\/2014\/09\/v7-480x661.jpg 480w, https:\/\/centrala.org.uk\/pl\/wp-content\/uploads\/sites\/2\/2014\/09\/v7.jpg 998w\" sizes=\"auto, (max-width: 220px) 100vw, 220px\" \/><\/a>\n\t\t\t<\/div><\/figure><figure class='gallery-item'>\n\t\t\t<div class='gallery-icon portrait'>\n\t\t\t\t<a href='https:\/\/centrala.org.uk\/pl\/?attachment_id=760'><img loading=\"lazy\" decoding=\"async\" width=\"220\" height=\"303\" src=\"https:\/\/centrala.org.uk\/pl\/wp-content\/uploads\/sites\/2\/2014\/09\/v8-220x303.jpg\" class=\"attachment-thumbnail size-thumbnail\" alt=\"\" srcset=\"https:\/\/centrala.org.uk\/pl\/wp-content\/uploads\/sites\/2\/2014\/09\/v8-220x303.jpg 220w, https:\/\/centrala.org.uk\/pl\/wp-content\/uploads\/sites\/2\/2014\/09\/v8-640x881.jpg 640w, https:\/\/centrala.org.uk\/pl\/wp-content\/uploads\/sites\/2\/2014\/09\/v8-653x900.jpg 653w, https:\/\/centrala.org.uk\/pl\/wp-content\/uploads\/sites\/2\/2014\/09\/v8-210x289.jpg 210w, https:\/\/centrala.org.uk\/pl\/wp-content\/uploads\/sites\/2\/2014\/09\/v8-480x661.jpg 480w, https:\/\/centrala.org.uk\/pl\/wp-content\/uploads\/sites\/2\/2014\/09\/v8.jpg 998w\" sizes=\"auto, (max-width: 220px) 100vw, 220px\" \/><\/a>\n\t\t\t<\/div><\/figure>\n\t\t<\/div>\n\n<p>&nbsp;<\/p>\n","protected":false},"excerpt":{"rendered":"<p>Komiks V to ho\u0142d z\u0142o\u017cony mikronarracjom, ma\u0142ym opowie\u015bciom, kt\u00f3rych zdolno\u015b\u0107 generowania posiadaj\u0105 istoty pos\u0142uguj\u0105ce si\u0119 j\u0119zykiem.<\/p>\n","protected":false},"featured_media":753,"comment_status":"closed","ping_status":"closed","template":"","meta":{"_acf_changed":false},"product_brand":[],"product_cat":[32],"product_tag":[179,180,178],"series":[],"class_list":{"0":"post-752","1":"product","2":"type-product","3":"status-publish","4":"has-post-thumbnail","6":"product_cat-komiks","7":"product_tag-gosia-kulik","8":"product_tag-kulik","9":"product_tag-v","11":"first","12":"outofstock","13":"shipping-taxable","14":"purchasable","15":"product-type-simple"},"acf":[],"_links":{"self":[{"href":"https:\/\/centrala.org.uk\/pl\/wp-json\/wp\/v2\/product\/752","targetHints":{"allow":["GET"]}}],"collection":[{"href":"https:\/\/centrala.org.uk\/pl\/wp-json\/wp\/v2\/product"}],"about":[{"href":"https:\/\/centrala.org.uk\/pl\/wp-json\/wp\/v2\/types\/product"}],"replies":[{"embeddable":true,"href":"https:\/\/centrala.org.uk\/pl\/wp-json\/wp\/v2\/comments?post=752"}],"wp:featuredmedia":[{"embeddable":true,"href":"https:\/\/centrala.org.uk\/pl\/wp-json\/wp\/v2\/media\/753"}],"wp:attachment":[{"href":"https:\/\/centrala.org.uk\/pl\/wp-json\/wp\/v2\/media?parent=752"}],"wp:term":[{"taxonomy":"product_brand","embeddable":true,"href":"https:\/\/centrala.org.uk\/pl\/wp-json\/wp\/v2\/product_brand?post=752"},{"taxonomy":"product_cat","embeddable":true,"href":"https:\/\/centrala.org.uk\/pl\/wp-json\/wp\/v2\/product_cat?post=752"},{"taxonomy":"product_tag","embeddable":true,"href":"https:\/\/centrala.org.uk\/pl\/wp-json\/wp\/v2\/product_tag?post=752"},{"taxonomy":"series","embeddable":true,"href":"https:\/\/centrala.org.uk\/pl\/wp-json\/wp\/v2\/series?post=752"}],"curies":[{"name":"wp","href":"https:\/\/api.w.org\/{rel}","templated":true}]}}