{"id":773,"date":"2013-05-15T16:47:47","date_gmt":"2013-05-15T14:47:47","guid":{"rendered":"http:\/\/centrala.org.uk\/pl\/?post_type=product&#038;p=773"},"modified":"2014-09-17T11:14:21","modified_gmt":"2014-09-17T09:14:21","slug":"za-furtka","status":"publish","type":"product","link":"https:\/\/centrala.org.uk\/pl\/sklep\/za-furtka\/","title":{"rendered":"Za furtk\u0105"},"content":{"rendered":"<p>To wspomnienia zderzone z rzeczywisto\u015bci\u0105.<br \/>\nTo kilka obrazk\u00f3w z ko\u0144ca \u015bwiata.<\/p>\n","protected":false},"excerpt":{"rendered":"<p>To jedno zdarzenie,\u00a0kt\u00f3re zabiera stabilizacj\u0119 i zmienia perspektyw\u0119.<br \/>\nTo opowie\u015b\u0107 o krucho\u015bci wi\u0119zi mi\u0119dzyludzkich.<\/p>\n","protected":false},"featured_media":774,"comment_status":"closed","ping_status":"closed","template":"","meta":{"_acf_changed":false},"product_brand":[],"product_cat":[32],"product_tag":[],"series":[],"class_list":{"0":"post-773","1":"product","2":"type-product","3":"status-publish","4":"has-post-thumbnail","6":"product_cat-komiks","8":"first","9":"instock","10":"shipping-taxable","11":"purchasable","12":"product-type-simple"},"acf":[],"_links":{"self":[{"href":"https:\/\/centrala.org.uk\/pl\/wp-json\/wp\/v2\/product\/773","targetHints":{"allow":["GET"]}}],"collection":[{"href":"https:\/\/centrala.org.uk\/pl\/wp-json\/wp\/v2\/product"}],"about":[{"href":"https:\/\/centrala.org.uk\/pl\/wp-json\/wp\/v2\/types\/product"}],"replies":[{"embeddable":true,"href":"https:\/\/centrala.org.uk\/pl\/wp-json\/wp\/v2\/comments?post=773"}],"wp:featuredmedia":[{"embeddable":true,"href":"https:\/\/centrala.org.uk\/pl\/wp-json\/wp\/v2\/media\/774"}],"wp:attachment":[{"href":"https:\/\/centrala.org.uk\/pl\/wp-json\/wp\/v2\/media?parent=773"}],"wp:term":[{"taxonomy":"product_brand","embeddable":true,"href":"https:\/\/centrala.org.uk\/pl\/wp-json\/wp\/v2\/product_brand?post=773"},{"taxonomy":"product_cat","embeddable":true,"href":"https:\/\/centrala.org.uk\/pl\/wp-json\/wp\/v2\/product_cat?post=773"},{"taxonomy":"product_tag","embeddable":true,"href":"https:\/\/centrala.org.uk\/pl\/wp-json\/wp\/v2\/product_tag?post=773"},{"taxonomy":"series","embeddable":true,"href":"https:\/\/centrala.org.uk\/pl\/wp-json\/wp\/v2\/series?post=773"}],"curies":[{"name":"wp","href":"https:\/\/api.w.org\/{rel}","templated":true}]}}