{"id":790,"date":"2013-06-15T20:51:15","date_gmt":"2013-06-15T18:51:15","guid":{"rendered":"http:\/\/centrala.org.uk\/pl\/?post_type=product&#038;p=790"},"modified":"2014-09-17T11:02:14","modified_gmt":"2014-09-17T09:02:14","slug":"znamy-sie-tylko-z-widzenia","status":"publish","type":"product","link":"https:\/\/centrala.org.uk\/pl\/sklep\/znamy-sie-tylko-z-widzenia\/","title":{"rendered":"Znamy si\u0119 tylko z widzenia"},"content":{"rendered":"<p>Z jednej strony inspiruj\u0105 mnie \u201ebrzydkie\u201d i \u201eniedba\u0142e\u201d prace innych \u2013 my\u015bl\u0119 sobie wtedy, \u017ce wa\u017cne, aby chcie\u0107, mie\u0107 pomys\u0142. Z drugiej \u2013 ci\u0105gle mam apetyt na wi\u0119cej, zar\u00f3wno je\u015bli chodzi o warsztat, jak i obszary, kt\u00f3re chc\u0119 zdobywa\u0107.<br \/>\nRysowanie jest pierwsz\u0105 rzecz\u0105 w moim \u017cyciu, w kt\u00f3rej tak bardzo sobie zaufa\u0142am. Bezcenne jest dla mnie r\u00f3wnie\u017c to, \u017ce uwierzyli we mnie inni. S\u0142owami mog\u0119 odda\u0107 jedynie cz\u0119\u015b\u0107 wdzi\u0119czno\u015bci i rado\u015bci, kt\u00f3re czuj\u0119, a lista os\u00f3b jest bardzo d\u0142uga. Chc\u0119 jednak cho\u0107 niekt\u00f3rym z nich podzi\u0119kowa\u0107 imiennie:<br \/>\nP., Beacie Baradziej i Oksanie, Olci, Zuzi i Jasiowi \u2013 za czu\u0142o\u015b\u0107 i bycie jak rodzina; Ani Hendryx W\u00f3jtowicz \u2013 za razem i za normalno\u015b\u0107; Dobrusi \u2013 za szcz\u0119\u015bcie i blisko\u015b\u0107; Anuli Szandale \u2013 za bycie jedn\u0105 z pierwszych os\u00f3b, kt\u00f3re wzi\u0119\u0142y moje prace w \u015bwiat; Sylwii Chutnik \u2013 za inspiracj\u0119, Cwaniary i Babci\u0119 Basi\u0119: Babci Basi \u2013 za rozmowy i chleb domowej roboty; Kasi Sawko \u2013 za to, \u017ce mog\u0142am robi\u0107 zwariowane plakaty na wa\u017cne tematy i za fajno\u015b\u0107; Natalii \u2013 za listy w czerwonych kopertach; Kasi Kazimierowskiej \u2013 za m\u0105dro\u015b\u0107; Kasi Wo\u017aniak-Kajak \u2013 za cudowne historie i rozs\u0105dek; Oli \u017b\u00f3rawskiej \u2013 za otwarto\u015b\u0107 i dobre serce; Karolinie Kr\u00f3likowskiej-Grzelak \u2013 za tw\u00f3rcz\u0105 intensywno\u015b\u0107; Jarkowi Wasilewskiemu \u2013 za rozbrajaj\u0105c\u0105 bezinteresowno\u015b\u0107; Iwonie Wojnarowicz i Magdalenie K\u0119pce \u2013 za uwa\u017cno\u015b\u0107 i dzielenie si\u0119 swoj\u0105 wiedz\u0105; Beacie Sosnowskiej, Adze G\u00f3jskiej, Ani Be\u0142z, Ewie Witkowskiej, Andzi Paszko \u2013 za Dream Team i za to, \u017ce dzi\u0119ki Wam czuj\u0119 , \u017ce si\u0119 rozwijam; V9 (w szczeg\u00f3lno\u015bci Zrazikowi i Justynie) \u2013 za miejsce i kibicowanie mi oraz moim Dziewczynom z Teamu; Centrali \u2013 za wydanie tego albumu; Osobom, kt\u00f3re zagl\u0105daj\u0105 na \u017cycie-na-kresk\u0119 \u2013 za wzruszenia i poczucie sensu.<\/p>\n<p>Marta Zab\u0142ocka: fotografka, rysowniczka mniej lub bardziej wymy\u015blonych historii.<br \/>\nZaanga\u017cowana w sprawy spo\u0142eczne. Kiedy tylko mo\u017ce, je\u017adzi rowerem oraz czyta ksi\u0105\u017cki.<br \/>\nBardzo lubi chodzi\u0107 sama do kina. Kocha swoje koty mi\u0142o\u015bci\u0105 tajemnicz\u0105 i ponadgatunkow\u0105.<br \/>\nWsp\u00f3\u0142pracuje z organizacjami pozarz\u0105dowymi oraz wydawnictwami. Ilustratorka <em>Cwaniar<\/em> Sylwii Chutnik.<\/p>\n<p>Prowadzi stron\u0119: <a href=\"http:\/\/picturebook.pl\/zycie-na-kreske.blogspot.com\">zycie-na-kreske.blogspot.com<\/a>.<\/p>\n<div id='gallery-1' class='gallery galleryid-790 gallery-columns-3 gallery-size-thumbnail'><figure class='gallery-item'>\n\t\t\t<div class='gallery-icon portrait'>\n\t\t\t\t<a href='https:\/\/centrala.org.uk\/pl\/?attachment_id=792'><img loading=\"lazy\" decoding=\"async\" width=\"220\" height=\"326\" src=\"https:\/\/centrala.org.uk\/pl\/wp-content\/uploads\/sites\/2\/2014\/09\/znamy2-220x326.jpg\" class=\"attachment-thumbnail size-thumbnail\" alt=\"\" srcset=\"https:\/\/centrala.org.uk\/pl\/wp-content\/uploads\/sites\/2\/2014\/09\/znamy2-220x326.jpg 220w, https:\/\/centrala.org.uk\/pl\/wp-content\/uploads\/sites\/2\/2014\/09\/znamy2-210x311.jpg 210w, https:\/\/centrala.org.uk\/pl\/wp-content\/uploads\/sites\/2\/2014\/09\/znamy2.jpg 439w\" sizes=\"auto, (max-width: 220px) 100vw, 220px\" \/><\/a>\n\t\t\t<\/div><\/figure><figure class='gallery-item'>\n\t\t\t<div class='gallery-icon portrait'>\n\t\t\t\t<a href='https:\/\/centrala.org.uk\/pl\/?attachment_id=793'><img loading=\"lazy\" decoding=\"async\" width=\"220\" height=\"326\" src=\"https:\/\/centrala.org.uk\/pl\/wp-content\/uploads\/sites\/2\/2014\/09\/znamy3-220x326.jpg\" class=\"attachment-thumbnail size-thumbnail\" alt=\"\" srcset=\"https:\/\/centrala.org.uk\/pl\/wp-content\/uploads\/sites\/2\/2014\/09\/znamy3-220x326.jpg 220w, https:\/\/centrala.org.uk\/pl\/wp-content\/uploads\/sites\/2\/2014\/09\/znamy3-210x311.jpg 210w, https:\/\/centrala.org.uk\/pl\/wp-content\/uploads\/sites\/2\/2014\/09\/znamy3.jpg 439w\" sizes=\"auto, (max-width: 220px) 100vw, 220px\" \/><\/a>\n\t\t\t<\/div><\/figure><figure class='gallery-item'>\n\t\t\t<div class='gallery-icon portrait'>\n\t\t\t\t<a href='https:\/\/centrala.org.uk\/pl\/?attachment_id=794'><img loading=\"lazy\" decoding=\"async\" width=\"220\" height=\"326\" src=\"https:\/\/centrala.org.uk\/pl\/wp-content\/uploads\/sites\/2\/2014\/09\/znamy4-220x326.jpg\" class=\"attachment-thumbnail size-thumbnail\" alt=\"\" srcset=\"https:\/\/centrala.org.uk\/pl\/wp-content\/uploads\/sites\/2\/2014\/09\/znamy4-220x326.jpg 220w, https:\/\/centrala.org.uk\/pl\/wp-content\/uploads\/sites\/2\/2014\/09\/znamy4-210x311.jpg 210w, https:\/\/centrala.org.uk\/pl\/wp-content\/uploads\/sites\/2\/2014\/09\/znamy4.jpg 439w\" sizes=\"auto, (max-width: 220px) 100vw, 220px\" \/><\/a>\n\t\t\t<\/div><\/figure><figure class='gallery-item'>\n\t\t\t<div class='gallery-icon portrait'>\n\t\t\t\t<a href='https:\/\/centrala.org.uk\/pl\/?attachment_id=795'><img loading=\"lazy\" decoding=\"async\" width=\"220\" height=\"326\" src=\"https:\/\/centrala.org.uk\/pl\/wp-content\/uploads\/sites\/2\/2014\/09\/znamy5-220x326.jpg\" class=\"attachment-thumbnail size-thumbnail\" alt=\"\" srcset=\"https:\/\/centrala.org.uk\/pl\/wp-content\/uploads\/sites\/2\/2014\/09\/znamy5-220x326.jpg 220w, https:\/\/centrala.org.uk\/pl\/wp-content\/uploads\/sites\/2\/2014\/09\/znamy5-210x311.jpg 210w, https:\/\/centrala.org.uk\/pl\/wp-content\/uploads\/sites\/2\/2014\/09\/znamy5.jpg 439w\" sizes=\"auto, (max-width: 220px) 100vw, 220px\" \/><\/a>\n\t\t\t<\/div><\/figure><figure class='gallery-item'>\n\t\t\t<div class='gallery-icon portrait'>\n\t\t\t\t<a href='https:\/\/centrala.org.uk\/pl\/?attachment_id=796'><img loading=\"lazy\" decoding=\"async\" width=\"220\" height=\"326\" src=\"https:\/\/centrala.org.uk\/pl\/wp-content\/uploads\/sites\/2\/2014\/09\/znamy6-220x326.jpg\" class=\"attachment-thumbnail size-thumbnail\" alt=\"\" srcset=\"https:\/\/centrala.org.uk\/pl\/wp-content\/uploads\/sites\/2\/2014\/09\/znamy6-220x326.jpg 220w, https:\/\/centrala.org.uk\/pl\/wp-content\/uploads\/sites\/2\/2014\/09\/znamy6-210x311.jpg 210w, https:\/\/centrala.org.uk\/pl\/wp-content\/uploads\/sites\/2\/2014\/09\/znamy6.jpg 439w\" sizes=\"auto, (max-width: 220px) 100vw, 220px\" \/><\/a>\n\t\t\t<\/div><\/figure><figure class='gallery-item'>\n\t\t\t<div class='gallery-icon portrait'>\n\t\t\t\t<a href='https:\/\/centrala.org.uk\/pl\/?attachment_id=797'><img loading=\"lazy\" decoding=\"async\" width=\"220\" height=\"326\" src=\"https:\/\/centrala.org.uk\/pl\/wp-content\/uploads\/sites\/2\/2014\/09\/znamy7-220x326.jpg\" class=\"attachment-thumbnail size-thumbnail\" alt=\"\" srcset=\"https:\/\/centrala.org.uk\/pl\/wp-content\/uploads\/sites\/2\/2014\/09\/znamy7-220x326.jpg 220w, https:\/\/centrala.org.uk\/pl\/wp-content\/uploads\/sites\/2\/2014\/09\/znamy7-210x311.jpg 210w, https:\/\/centrala.org.uk\/pl\/wp-content\/uploads\/sites\/2\/2014\/09\/znamy7.jpg 439w\" sizes=\"auto, (max-width: 220px) 100vw, 220px\" \/><\/a>\n\t\t\t<\/div><\/figure><figure class='gallery-item'>\n\t\t\t<div class='gallery-icon portrait'>\n\t\t\t\t<a href='https:\/\/centrala.org.uk\/pl\/?attachment_id=798'><img loading=\"lazy\" decoding=\"async\" width=\"220\" height=\"326\" src=\"https:\/\/centrala.org.uk\/pl\/wp-content\/uploads\/sites\/2\/2014\/09\/znamy8-220x326.jpg\" class=\"attachment-thumbnail size-thumbnail\" alt=\"\" srcset=\"https:\/\/centrala.org.uk\/pl\/wp-content\/uploads\/sites\/2\/2014\/09\/znamy8-220x326.jpg 220w, https:\/\/centrala.org.uk\/pl\/wp-content\/uploads\/sites\/2\/2014\/09\/znamy8-210x311.jpg 210w, https:\/\/centrala.org.uk\/pl\/wp-content\/uploads\/sites\/2\/2014\/09\/znamy8.jpg 439w\" sizes=\"auto, (max-width: 220px) 100vw, 220px\" \/><\/a>\n\t\t\t<\/div><\/figure>\n\t\t<\/div>\n\n","protected":false},"excerpt":{"rendered":"<p>Znamy si\u0119 tylko z widzenia to spe\u0142nienie moich marze\u0144 o tym, aby mie\u0107 sw\u00f3j w\u0142asny album w formie papierowej. To kilka lat wk\u0142adania pracy i serca w tworzenie. Zamiast chowania w szufladzie \u2013 dzielenia si\u0119 z innymi sprawdzania co si\u0119 wydarzy. To wielka przygoda. To dow\u00f3d na to, \u017ce warto marzy\u0107 i stara\u0107 si\u0119 te marzenia spe\u0142nia\u0107.<\/p>\n","protected":false},"featured_media":791,"comment_status":"closed","ping_status":"closed","template":"","meta":{"_acf_changed":false},"product_brand":[],"product_cat":[32],"product_tag":[37,190,191,189,188,187],"series":[],"class_list":{"0":"post-790","1":"product","2":"type-product","3":"status-publish","4":"has-post-thumbnail","6":"product_cat-komiks","7":"product_tag-marta-zablocka","8":"product_tag-tylko-z-widzenia","9":"product_tag-z-widzenia","10":"product_tag-znamy","11":"product_tag-znamy-sie-tylko-z-widzenia","12":"product_tag-zycie-na-kreske","14":"first","15":"instock","16":"shipping-taxable","17":"purchasable","18":"product-type-simple"},"acf":[],"_links":{"self":[{"href":"https:\/\/centrala.org.uk\/pl\/wp-json\/wp\/v2\/product\/790","targetHints":{"allow":["GET"]}}],"collection":[{"href":"https:\/\/centrala.org.uk\/pl\/wp-json\/wp\/v2\/product"}],"about":[{"href":"https:\/\/centrala.org.uk\/pl\/wp-json\/wp\/v2\/types\/product"}],"replies":[{"embeddable":true,"href":"https:\/\/centrala.org.uk\/pl\/wp-json\/wp\/v2\/comments?post=790"}],"wp:featuredmedia":[{"embeddable":true,"href":"https:\/\/centrala.org.uk\/pl\/wp-json\/wp\/v2\/media\/791"}],"wp:attachment":[{"href":"https:\/\/centrala.org.uk\/pl\/wp-json\/wp\/v2\/media?parent=790"}],"wp:term":[{"taxonomy":"product_brand","embeddable":true,"href":"https:\/\/centrala.org.uk\/pl\/wp-json\/wp\/v2\/product_brand?post=790"},{"taxonomy":"product_cat","embeddable":true,"href":"https:\/\/centrala.org.uk\/pl\/wp-json\/wp\/v2\/product_cat?post=790"},{"taxonomy":"product_tag","embeddable":true,"href":"https:\/\/centrala.org.uk\/pl\/wp-json\/wp\/v2\/product_tag?post=790"},{"taxonomy":"series","embeddable":true,"href":"https:\/\/centrala.org.uk\/pl\/wp-json\/wp\/v2\/series?post=790"}],"curies":[{"name":"wp","href":"https:\/\/api.w.org\/{rel}","templated":true}]}}