{"id":801,"date":"2012-03-16T14:36:05","date_gmt":"2012-03-16T13:36:05","guid":{"rendered":"http:\/\/centrala.org.uk\/pl\/?post_type=product&#038;p=801"},"modified":"2018-01-05T11:38:10","modified_gmt":"2018-01-05T10:38:10","slug":"zeszyty-komiksowe-1-antybohater-wyd-ii","status":"publish","type":"product","link":"https:\/\/centrala.org.uk\/pl\/sklep\/zeszyty-komiksowe-1-antybohater-wyd-ii\/","title":{"rendered":"Zeszyty Komiksowe # 1 Antybohater (wyd. II)"},"content":{"rendered":"<p>Zaktualizowane zosta\u0142y jedynie informacje zawarte w stopce redakcyjnej i na ok\u0142adkach.<\/p>\n<div>Pierwszy numer &#8222;Zeszyt\u00f3w Komiksowych&#8221; trafi ponownie do sprzeda\u017cy ju\u017c w marcu 2012. Kolejne b\u0119d\u0105 si\u0119 ukazywa\u0142y sukcesywnie, co miesi\u0105c lub dwa.<\/div>\n","protected":false},"excerpt":{"rendered":"<p>Min\u0119\u0142o osiem lat od ukazania si\u0119 pierwszego numeru &#8222;Zeszyt\u00f3w Komiksowych&#8221;. W odpowiedzi na liczne zapytania, nie tylko o ten jeden numer, zdecydowali\u015bmy si\u0119 na dodruk wszystkich: od 1. do 9. Nie dokonali\u015bmy \u017cadnych zmian w tre\u015bci i formie pierwodruk\u00f3w.<\/p>\n","protected":false},"featured_media":802,"comment_status":"closed","ping_status":"closed","template":"","meta":{"_acf_changed":false},"product_brand":[],"product_cat":[28],"product_tag":[195,194,193,192],"series":[],"class_list":{"0":"post-801","1":"product","2":"type-product","3":"status-publish","4":"has-post-thumbnail","6":"product_cat-teksty-o-komiksie","7":"product_tag-antybohater","8":"product_tag-komiksowe","9":"product_tag-zeszyty","10":"product_tag-zeszyty-komiksowe","12":"first","13":"outofstock","14":"sold-individually","15":"shipping-taxable","16":"purchasable","17":"product-type-simple"},"acf":[],"_links":{"self":[{"href":"https:\/\/centrala.org.uk\/pl\/wp-json\/wp\/v2\/product\/801","targetHints":{"allow":["GET"]}}],"collection":[{"href":"https:\/\/centrala.org.uk\/pl\/wp-json\/wp\/v2\/product"}],"about":[{"href":"https:\/\/centrala.org.uk\/pl\/wp-json\/wp\/v2\/types\/product"}],"replies":[{"embeddable":true,"href":"https:\/\/centrala.org.uk\/pl\/wp-json\/wp\/v2\/comments?post=801"}],"wp:featuredmedia":[{"embeddable":true,"href":"https:\/\/centrala.org.uk\/pl\/wp-json\/wp\/v2\/media\/802"}],"wp:attachment":[{"href":"https:\/\/centrala.org.uk\/pl\/wp-json\/wp\/v2\/media?parent=801"}],"wp:term":[{"taxonomy":"product_brand","embeddable":true,"href":"https:\/\/centrala.org.uk\/pl\/wp-json\/wp\/v2\/product_brand?post=801"},{"taxonomy":"product_cat","embeddable":true,"href":"https:\/\/centrala.org.uk\/pl\/wp-json\/wp\/v2\/product_cat?post=801"},{"taxonomy":"product_tag","embeddable":true,"href":"https:\/\/centrala.org.uk\/pl\/wp-json\/wp\/v2\/product_tag?post=801"},{"taxonomy":"series","embeddable":true,"href":"https:\/\/centrala.org.uk\/pl\/wp-json\/wp\/v2\/series?post=801"}],"curies":[{"name":"wp","href":"https:\/\/api.w.org\/{rel}","templated":true}]}}