{"id":805,"date":"2010-10-16T14:47:32","date_gmt":"2010-10-16T12:47:32","guid":{"rendered":"http:\/\/centrala.org.uk\/pl\/?post_type=product&#038;p=805"},"modified":"2021-12-10T12:15:12","modified_gmt":"2021-12-10T11:15:12","slug":"zeszyty-komiksowe-10-granice-komiksu","status":"publish","type":"product","link":"https:\/\/centrala.org.uk\/pl\/sklep\/zeszyty-komiksowe-10-granice-komiksu\/","title":{"rendered":"Zeszyty Komiksowe # 10 Granice komiksu"},"content":{"rendered":"<p><small>W tym jubileuszowym &#8211; dziesi\u0105tym &#8211; numerze r\u00f3wnie\u017c nasze pismo przekroczy\u0142o pewn\u0105 granic\u0119: jest to pierwszy numer maj\u0105cy mi\u0119dzynarodowy charakter. Teksty specjalnie dla nas napisali (opr\u00f3cz &#8211; oczywi\u015bcie &#8211; polskich) badacze z USA (w tym prof. John Lent, za\u0142o\u017cyciel i redaktor naczelny\u00a0<span class=\"franctytul\">International Journal of Comic Art<\/span>), Niemiec, Grecji i Estonii, komiksy za\u015b dostali\u015bmy z Bo\u015bni, Estonii, Rosji, Francji, USA i Argentyny &#8211; i, rzecz jasna, Polski.<\/small><\/p>\n<p>Wisienk\u0105 na tym torcie jest pierwszy polski wywiad ze Scottem McCloudem. C\u00f3\u017c wi\u0119cej doda\u0107&#8230;<\/p>\n<p>Zapraszamy do lektury!<\/p>\n","protected":false},"excerpt":{"rendered":"<p>Numer, o kt\u00f3rym w\u0142a\u015bnie czytacie, po\u015bwi\u0119cony zosta\u0142 komiksowi eksperymentalnemu, czyli takiemu, kt\u00f3ry sp\u0119dza sen z powiek tym wszystkim, kt\u00f3rzy do\u015b\u0107 maj\u0105 szablonowo\u015bci i prostoty historyjek obrazkowych. I dotyczy to wszystkich mo\u017cliwych rodzaj\u00f3w eksperymentowania: tematycznych, formalnych, korzystania z innych gatunk\u00f3w oraz przenikania z nimi. Jest jasne, \u017ce wiele tego typu prac wzbudza silne emocje zar\u00f3wno u czytelnik\u00f3w, jak i u krytyk\u00f3w (a czasem &#8211; krytykant\u00f3w) komiksu &#8211; i w\u0142a\u015bnie o to chodzi!<\/p>\n","protected":false},"featured_media":806,"comment_status":"closed","ping_status":"closed","template":"","meta":{"_acf_changed":false},"product_brand":[],"product_cat":[28],"product_tag":[196,192,197],"series":[],"class_list":{"0":"post-805","1":"product","2":"type-product","3":"status-publish","4":"has-post-thumbnail","6":"product_cat-teksty-o-komiksie","7":"product_tag-granice-komiksu","8":"product_tag-zeszyty-komiksowe","9":"product_tag-zk","11":"first","12":"outofstock","13":"shipping-taxable","14":"purchasable","15":"product-type-simple"},"acf":[],"_links":{"self":[{"href":"https:\/\/centrala.org.uk\/pl\/wp-json\/wp\/v2\/product\/805","targetHints":{"allow":["GET"]}}],"collection":[{"href":"https:\/\/centrala.org.uk\/pl\/wp-json\/wp\/v2\/product"}],"about":[{"href":"https:\/\/centrala.org.uk\/pl\/wp-json\/wp\/v2\/types\/product"}],"replies":[{"embeddable":true,"href":"https:\/\/centrala.org.uk\/pl\/wp-json\/wp\/v2\/comments?post=805"}],"wp:featuredmedia":[{"embeddable":true,"href":"https:\/\/centrala.org.uk\/pl\/wp-json\/wp\/v2\/media\/806"}],"wp:attachment":[{"href":"https:\/\/centrala.org.uk\/pl\/wp-json\/wp\/v2\/media?parent=805"}],"wp:term":[{"taxonomy":"product_brand","embeddable":true,"href":"https:\/\/centrala.org.uk\/pl\/wp-json\/wp\/v2\/product_brand?post=805"},{"taxonomy":"product_cat","embeddable":true,"href":"https:\/\/centrala.org.uk\/pl\/wp-json\/wp\/v2\/product_cat?post=805"},{"taxonomy":"product_tag","embeddable":true,"href":"https:\/\/centrala.org.uk\/pl\/wp-json\/wp\/v2\/product_tag?post=805"},{"taxonomy":"series","embeddable":true,"href":"https:\/\/centrala.org.uk\/pl\/wp-json\/wp\/v2\/series?post=805"}],"curies":[{"name":"wp","href":"https:\/\/api.w.org\/{rel}","templated":true}]}}