{"id":809,"date":"2011-06-16T14:55:36","date_gmt":"2011-06-16T12:55:36","guid":{"rendered":"http:\/\/centrala.org.uk\/pl\/?post_type=product&#038;p=809"},"modified":"2018-01-05T12:23:27","modified_gmt":"2018-01-05T11:23:27","slug":"zeszyty-komiksowe-11-komiks-w-europie-srodkowo-wschodniej","status":"publish","type":"product","link":"https:\/\/centrala.org.uk\/pl\/sklep\/zeszyty-komiksowe-11-komiks-w-europie-srodkowo-wschodniej\/","title":{"rendered":"Zeszyty Komiksowe # 11 Komiks w Europie \u015brodkowo-wschodniej"},"content":{"rendered":"<p>St\u0105d nasza pro\u015bba do Przyjaci\u00f3\u0142 z zagranicy (czy\u017c nie brzmi to socjalistycznie?) i ich nieoceniona pomoc w realizacji naszego nie\u0142atwego przedsi\u0119wzi\u0119cia. Do\u0142o\u017cyli\u015bmy wszelkich stara\u0144, by teksty i komiksy zgromadzone w niniejszym numerze m\u00f3c nazwa\u0107 reprezentacyjnymi.<\/p>\n","protected":false},"excerpt":{"rendered":"<p><span class=\"franctytul\">Zeszyty Komiksowe<\/span>, kt\u00f3re trzymacie w r\u0119kach, s\u0105 jeszcze bardziej mi\u0119dzynarodowe ni\u017c poprzednie z tego wzgl\u0105du, \u017ce nie da si\u0119 &#8211; naszym zdaniem &#8211; pisa\u0107 w spos\u00f3b przekonuj\u0105cy o dziejach scen komiksowych poszczeg\u00f3lnych kraj\u00f3w, na kt\u00f3re sk\u0142adaj\u0105 si\u0119 nierzadko ci\u0119\u017ckie do\u015bwiadczenia, nie b\u0119d\u0105c ich bezpo\u015brednim \u015bwiadkiem i uczestnikiem.<\/p>\n","protected":false},"featured_media":810,"comment_status":"closed","ping_status":"closed","template":"","meta":{"_acf_changed":false},"product_brand":[],"product_cat":[28],"product_tag":[],"series":[],"class_list":{"0":"post-809","1":"product","2":"type-product","3":"status-publish","4":"has-post-thumbnail","6":"product_cat-teksty-o-komiksie","8":"first","9":"outofstock","10":"shipping-taxable","11":"purchasable","12":"product-type-simple"},"acf":[],"_links":{"self":[{"href":"https:\/\/centrala.org.uk\/pl\/wp-json\/wp\/v2\/product\/809","targetHints":{"allow":["GET"]}}],"collection":[{"href":"https:\/\/centrala.org.uk\/pl\/wp-json\/wp\/v2\/product"}],"about":[{"href":"https:\/\/centrala.org.uk\/pl\/wp-json\/wp\/v2\/types\/product"}],"replies":[{"embeddable":true,"href":"https:\/\/centrala.org.uk\/pl\/wp-json\/wp\/v2\/comments?post=809"}],"wp:featuredmedia":[{"embeddable":true,"href":"https:\/\/centrala.org.uk\/pl\/wp-json\/wp\/v2\/media\/810"}],"wp:attachment":[{"href":"https:\/\/centrala.org.uk\/pl\/wp-json\/wp\/v2\/media?parent=809"}],"wp:term":[{"taxonomy":"product_brand","embeddable":true,"href":"https:\/\/centrala.org.uk\/pl\/wp-json\/wp\/v2\/product_brand?post=809"},{"taxonomy":"product_cat","embeddable":true,"href":"https:\/\/centrala.org.uk\/pl\/wp-json\/wp\/v2\/product_cat?post=809"},{"taxonomy":"product_tag","embeddable":true,"href":"https:\/\/centrala.org.uk\/pl\/wp-json\/wp\/v2\/product_tag?post=809"},{"taxonomy":"series","embeddable":true,"href":"https:\/\/centrala.org.uk\/pl\/wp-json\/wp\/v2\/series?post=809"}],"curies":[{"name":"wp","href":"https:\/\/api.w.org\/{rel}","templated":true}]}}