{"id":817,"date":"2012-04-16T15:15:56","date_gmt":"2012-04-16T13:15:56","guid":{"rendered":"http:\/\/centrala.org.uk\/pl\/?post_type=product&#038;p=817"},"modified":"2017-01-20T11:59:12","modified_gmt":"2017-01-20T10:59:12","slug":"zeszyty-komiksowe-13-manga-pl","status":"publish","type":"product","link":"https:\/\/centrala.org.uk\/pl\/sklep\/zeszyty-komiksowe-13-manga-pl\/","title":{"rendered":"Zeszyty Komiksowe # 13 manga.pl &#8211; NAK\u0141AD WYCZERPANY"},"content":{"rendered":"<div>Trudno znale\u017a\u0107 mi\u0142o\u015bnika komiks\u00f3w, kt\u00f3ry nie umia\u0142by powiedzie\u0107 czego\u015b na jej temat i ktory nie mia\u0142by wyrobionego na jej temat zdania. Sk\u0105d bowiem obecny w potocznej \u015bwiadomo\u015bci pogl\u0105d o r\u00f3\u017cnicach mangi i komiksu zachodniego, sk\u0105d podzia\u0142y i opowiadanie si\u0119 po jednej ze stron oraz cz\u0119sta niech\u0119\u0107 do zrozumienia i porozumienia?<\/div>\n<div>Nie jest to &#8211; na szcz\u0119\u015bcie &#8211; jedyny spos\u00f3b odbioru mangi i ta odmiana komiksu ma w Polsce grono oddanych (i \u015bwiat\u0142ych) artyst\u00f3w, fan\u00f3w, krytyk\u00f3w i badaczy. Tak jak w przypadku komiksu w og\u00f3le, nie jest to liczna grupa, ale wchodz\u0105 w jej sk\u0142ad pasjonaci, czytaj\u0105cy mang\u0119 na wiele r\u00f3\u017cnych sposob\u00f3w.<\/div>\n<div>I tak znajdziecie w tym numerze teksty nie tylko krajowych naukowc\u00f3w (jako kontekst dla rodzimych rozwa\u017ca\u0144 prezentujemy artyku\u0142y badaczek z Kyoto Seika University), r\u00f3wnie\u017c tych czynnie uczestnicz\u0105cych w kszta\u0142towaniu si\u0119 \u015brodowiska mangowego w Polsce, ale tak\u017ce przedstawicieli fandomu.<\/div>\n<div>Chcemy w tym miejscu gor\u0105co podzi\u0119kowa\u0107 Radkowi Bola\u0142kowi, znawcy kultury japo\u0144skiej, za wszelk\u0105 pomoc (organizowanie, pisanie, t\u0142umaczenie, konsultowanie), kt\u00f3rej nam udzieli\u0142 podczas pracy nad tym numerem.<\/div>\n<div>Mamy nadziej\u0119, \u017ce materia\u0142y zgromadzone w niniejszym numerze pozwol\u0105 lepiej zrozumie\u0107 fenomen, jakim jest manga, oraz pozna\u0107 histori\u0119 jej obecno\u015bci i recepcji w Polsce, \u017ce zach\u0119c\u0105 do bli\u017cszego przyjrzenia si\u0119 tej odmianie tw\u00f3rczo\u015bci komiksowej, cho\u0107 rodem z Japonii, to ju\u017c od dawna globalnej i transkulturowej.<\/div>\n<div>Jeste\u015bmy przekonani, \u017ce po lekturze zgodzicie si\u0119 z nami: Nie ma podzia\u0142u na mang\u0119 i komiks. Manga znaczy komiks.<\/div>\n<div>\u017byczymy mi\u0142ej lektury!<\/div>\n<div>Micha\u0142 B\u0142a\u017cejczyk i Micha\u0142 Traczyk<\/div>\n<div><\/div>\n<div>PS. Chcieli\u015bmy serdecznie przeprosi\u0107 Martyn\u0119 Janik, kt\u00f3rej imi\u0119 przez przypadek podali\u015bmy niepoprawnie. Narysowany przez ni\u0105 komiks, kt\u00f3ry zosta\u0142 wydrukowany w numerze, jest fragmentem wi\u0119kszej ca\u0142o\u015bci zatytu\u0142owanej Integration.<\/div>\n","protected":false},"excerpt":{"rendered":"<p>Manga jest wa\u017cn\u0105 cz\u0119\u015bci\u0105 komiksowego uniwersum. Tak\u017ce w Polsce. Nie spos\u00f3b nie zauwa\u017cy\u0107 jej obecno\u015bci, nie spos\u00f3b cho\u0107 przez chwil\u0119 nie zastanowi\u0107 si\u0119 nad jej fenomenem.<\/p>\n","protected":false},"featured_media":818,"comment_status":"closed","ping_status":"closed","template":"","meta":{"_acf_changed":false},"product_brand":[],"product_cat":[28],"product_tag":[199,192,197],"series":[],"class_list":{"0":"post-817","1":"product","2":"type-product","3":"status-publish","4":"has-post-thumbnail","6":"product_cat-teksty-o-komiksie","7":"product_tag-manga","8":"product_tag-zeszyty-komiksowe","9":"product_tag-zk","11":"first","12":"outofstock","13":"shipping-taxable","14":"purchasable","15":"product-type-simple"},"acf":[],"_links":{"self":[{"href":"https:\/\/centrala.org.uk\/pl\/wp-json\/wp\/v2\/product\/817","targetHints":{"allow":["GET"]}}],"collection":[{"href":"https:\/\/centrala.org.uk\/pl\/wp-json\/wp\/v2\/product"}],"about":[{"href":"https:\/\/centrala.org.uk\/pl\/wp-json\/wp\/v2\/types\/product"}],"replies":[{"embeddable":true,"href":"https:\/\/centrala.org.uk\/pl\/wp-json\/wp\/v2\/comments?post=817"}],"wp:featuredmedia":[{"embeddable":true,"href":"https:\/\/centrala.org.uk\/pl\/wp-json\/wp\/v2\/media\/818"}],"wp:attachment":[{"href":"https:\/\/centrala.org.uk\/pl\/wp-json\/wp\/v2\/media?parent=817"}],"wp:term":[{"taxonomy":"product_brand","embeddable":true,"href":"https:\/\/centrala.org.uk\/pl\/wp-json\/wp\/v2\/product_brand?post=817"},{"taxonomy":"product_cat","embeddable":true,"href":"https:\/\/centrala.org.uk\/pl\/wp-json\/wp\/v2\/product_cat?post=817"},{"taxonomy":"product_tag","embeddable":true,"href":"https:\/\/centrala.org.uk\/pl\/wp-json\/wp\/v2\/product_tag?post=817"},{"taxonomy":"series","embeddable":true,"href":"https:\/\/centrala.org.uk\/pl\/wp-json\/wp\/v2\/series?post=817"}],"curies":[{"name":"wp","href":"https:\/\/api.w.org\/{rel}","templated":true}]}}