{"id":822,"date":"2012-10-16T16:18:50","date_gmt":"2012-10-16T14:18:50","guid":{"rendered":"http:\/\/centrala.org.uk\/pl\/?post_type=product&#038;p=822"},"modified":"2018-01-05T12:22:42","modified_gmt":"2018-01-05T11:22:42","slug":"zeszyty-komiksowe-14-michal-sledziu-sledzinski","status":"publish","type":"product","link":"https:\/\/centrala.org.uk\/pl\/sklep\/zeszyty-komiksowe-14-michal-sledziu-sledzinski\/","title":{"rendered":"Zeszyty Komiksowe # 14 Micha\u0142 &#8222;\u015aledziu&#8221; \u015aledzi\u0144ski"},"content":{"rendered":"<p>Wsp\u00f3\u0142za\u0142o\u017cony przez niego magazyn Produkt by\u0142 lokomotyw\u0105 odnowy komiksu po zapa\u015bci drugiej po\u0142owy lat dziewi\u0119\u0107dziesi\u0105tych. Po zamkni\u0119ciu tego magazynu i w odr\u00f3\u017cnieniu od wielu swoich redakcyjnych koleg\u00f3w \u015aledziu kontynuuje komiksow\u0105 karier\u0119, regularnie publikuj\u0105c albumy, cechuj\u0105ce si\u0119 \u015bwie\u017cym spojrzeniem na otaczaj\u0105c\u0105 go rzeczywisto\u015b\u0107, oryginalnym uj\u0119ciem tematyki oraz stylem &#8211; charakterystycznym i niedaj\u0105cym si\u0119 pomyli\u0107 z \u017cadnym innym. \u015aledziu jest te\u017c aktywny w blogosferze, gdzie jego g\u0142os mo\u017cna \u015bmia\u0142o uzna\u0107 za jeden z najbardziej opiniotw\u00f3rczych.<\/p>\n","protected":false},"excerpt":{"rendered":"<p>Micha\u0142 &#8222;\u015aledziu&#8221; \u015aledzi\u0144ski to &#8222;pomnik, kt\u00f3ry chodzi&#8221; &#8211; jedna z najwa\u017cniejszych postaci wsp\u00f3\u0142czesnej sceny komiksowej w naszym kraju.<\/p>\n","protected":false},"featured_media":823,"comment_status":"closed","ping_status":"closed","template":"","meta":{"_acf_changed":false},"product_brand":[],"product_cat":[28],"product_tag":[201,200,192,197],"series":[],"class_list":{"0":"post-822","1":"product","2":"type-product","3":"status-publish","4":"has-post-thumbnail","6":"product_cat-teksty-o-komiksie","7":"product_tag-michal-sledzinski","8":"product_tag-sledziu","9":"product_tag-zeszyty-komiksowe","10":"product_tag-zk","12":"first","13":"outofstock","14":"shipping-taxable","15":"purchasable","16":"product-type-simple"},"acf":[],"_links":{"self":[{"href":"https:\/\/centrala.org.uk\/pl\/wp-json\/wp\/v2\/product\/822","targetHints":{"allow":["GET"]}}],"collection":[{"href":"https:\/\/centrala.org.uk\/pl\/wp-json\/wp\/v2\/product"}],"about":[{"href":"https:\/\/centrala.org.uk\/pl\/wp-json\/wp\/v2\/types\/product"}],"replies":[{"embeddable":true,"href":"https:\/\/centrala.org.uk\/pl\/wp-json\/wp\/v2\/comments?post=822"}],"wp:featuredmedia":[{"embeddable":true,"href":"https:\/\/centrala.org.uk\/pl\/wp-json\/wp\/v2\/media\/823"}],"wp:attachment":[{"href":"https:\/\/centrala.org.uk\/pl\/wp-json\/wp\/v2\/media?parent=822"}],"wp:term":[{"taxonomy":"product_brand","embeddable":true,"href":"https:\/\/centrala.org.uk\/pl\/wp-json\/wp\/v2\/product_brand?post=822"},{"taxonomy":"product_cat","embeddable":true,"href":"https:\/\/centrala.org.uk\/pl\/wp-json\/wp\/v2\/product_cat?post=822"},{"taxonomy":"product_tag","embeddable":true,"href":"https:\/\/centrala.org.uk\/pl\/wp-json\/wp\/v2\/product_tag?post=822"},{"taxonomy":"series","embeddable":true,"href":"https:\/\/centrala.org.uk\/pl\/wp-json\/wp\/v2\/series?post=822"}],"curies":[{"name":"wp","href":"https:\/\/api.w.org\/{rel}","templated":true}]}}