{"id":826,"date":"2013-04-16T16:25:47","date_gmt":"2013-04-16T14:25:47","guid":{"rendered":"http:\/\/centrala.org.uk\/pl\/?post_type=product&#038;p=826"},"modified":"2015-08-04T15:17:13","modified_gmt":"2015-08-04T13:17:13","slug":"zeszyty-komiksowe-15-batman","status":"publish","type":"product","link":"https:\/\/centrala.org.uk\/pl\/sklep\/zeszyty-komiksowe-15-batman\/","title":{"rendered":"Zeszyty Komiksowe # 15 Batman &#8211; NAK\u0141AD WYCZERPANY"},"content":{"rendered":"<p>Spis tre\u015bci:<\/p>\n<p>Batman<br \/>\nPrzemys\u0142aw Zawrotny, Przemys\u0142aw Ko\u0142odziej, Damian Kaja (notowa\u0142 Miros\u0142aw Szwabowicz):<br \/>\n&#8222;Wszystkie wcielenia Batmana&#8221;<\/p>\n<p>William Brooker (rozmawia\u0142a Anna Wr\u00f3blewska):<br \/>\n&#8222;Wywiad&#8221;<\/p>\n<p>\u0141ukasz S\u0142o\u0144ski:<br \/>\n&#8222;Walka w medialnym \u015bwiecie. Przemoc i telewizja w Powrocie Mrocznego Rycerza Franka Millera&#8221;<\/p>\n<p>Przemys\u0142aw Ko\u0142odziej:<br \/>\n&#8222;Renesans (rozpikselowanych) superbohater\u00f3w, Batman-terrorysta i k\u0142opoty z sequelami &#8211; Dark Knight Strikes Again Franka Millera&#8221;<\/p>\n<p>Przemys\u0142aw Zawrotny:<br \/>\n&#8222;Nietoperz pochwycony przez awangardzist\u0119&#8221;<\/p>\n<p>\u0141ukasz Chmielewski:<br \/>\n&#8222;Nast\u0119pcy Chandlera&#8221;<\/p>\n<p>Bruce Scivally (rozmawia\u0142 Micha\u0142 Chudoli\u0144ski, t\u0142umaczy\u0142a Ewa Lipi\u0144ska):<br \/>\n&#8222;Wywiad: Dzisiejszy \u015bwiat jest miejscem niebezpiecznym i pe\u0142nym przemocy&#8221;<\/p>\n<p>Rados\u0142aw Sw\u00f3\u0142\u0142:<br \/>\n&#8222;Iluzjonista, czyli dlaczego plastikowe sutki przegra\u0142y z kevlarowym pancerzem&#8221;<\/p>\n<p>Jakub Baran:<br \/>\n&#8222;Rekin w sk\u00f3rze nietoperza&#8221;<\/p>\n<p>Mateusz Celer:<br \/>\n&#8222;Elseworldy &#8211; przesz\u0142o\u015b\u0107 na papierze, przysz\u0142o\u015b\u0107 na ekranie&#8221;<\/p>\n<p>Bart\u0142omiej Oleszek:<br \/>\n&#8222;Batman Audio &amp; Radio&#8221;<\/p>\n<p>\u0141ukasz Czubak:<br \/>\n&#8222;Batman kontra guma balonowa, czyli potyczki Cz\u0142owieka Nietoperza z reklam\u0105&#8221;<\/p>\n<p>Matylda S\u0119k:<br \/>\n&#8222;Podr\u00f3\u017c do Gotham City&#8221;<\/p>\n<p>Marcin Zembrzuski:<br \/>\n&#8222;Azyl Arkham: Powa\u017cny dom na powa\u017cnej ziemi&#8221;<\/p>\n<p>Travis Langley i Micha\u0142 Siromski:<br \/>\n&#8222;Przezwyci\u0119\u017caj\u0105c traum\u0119. Rozmowa o psychologicznych aspektach mitu Batmana&#8221;<\/p>\n<p>Magdalena Iwa\u0144ska:<br \/>\n&#8222;B\u00f3g, szaleniec, kobieta&#8230; &#8211; sto twarzy Jokera&#8221;<\/p>\n<p>Micha\u0142 Chudoli\u0144ski:<br \/>\n&#8222;Batman Granta Morrisona &#8211; Mroczny Rycerz na granicy \u015bwiat\u00f3w&#8221;<\/p>\n<p>Rados\u0142aw Pisula:<br \/>\n&#8222;Jaki Batman, taki syn?&#8221;<\/p>\n<p>Ewa Lipi\u0144ska:<br \/>\n&#8222;Po\u017cegnanie z Batmanem, czyli o roli \u015bmierci superbohatera w komiksie Co si\u0119 sta\u0142o z Zamaskowanym Krzy\u017cowcem?&#8221;<\/p>\n<p>William Proctor (t\u0142umaczy\u0142a Ewa Lipi\u0144ska):<br \/>\n&#8222;Scott Snyder: Nowy architekt Gotham City&#8221;<\/p>\n<p>Marcin Petrowicz:<br \/>\n&#8222;Arkhamverse mi\u0119dzy panelami komiksu a pami\u0119ci\u0105 komputera. Batman Arkham Asylum i Arkham City jako nowy \u015bwiat Mrocznego Rycerza&#8221;<\/p>\n<p>Arkadiusz Wr\u00f3blewski:<br \/>\n&#8222;P\u0142achta Batmana powiewaj\u0105ca na wietrze. Nud\u0105.&#8221;<\/p>\n<p>Micha\u0142 Siromski:<br \/>\n&#8222;Recenzja ksi\u0105\u017cki Improving The Foundations: Batman Begins from Comics to the Screen&#8221;<\/p>\n","protected":false},"excerpt":{"rendered":"<p>Numer &#8222;Zeszyt\u00f3w Komiksowych&#8221; po\u015bwi\u0119cony jednej z najpopularniejszych postaci \u015bwiatowej popkultury &#8211; Batmanowi.<\/p>\n","protected":false},"featured_media":827,"comment_status":"closed","ping_status":"closed","template":"","meta":{"_acf_changed":false},"product_brand":[],"product_cat":[32],"product_tag":[130,192,197],"series":[],"class_list":{"0":"post-826","1":"product","2":"type-product","3":"status-publish","4":"has-post-thumbnail","6":"product_cat-komiks","7":"product_tag-batman","8":"product_tag-zeszyty-komiksowe","9":"product_tag-zk","11":"first","12":"outofstock","13":"shipping-taxable","14":"purchasable","15":"product-type-simple"},"acf":[],"_links":{"self":[{"href":"https:\/\/centrala.org.uk\/pl\/wp-json\/wp\/v2\/product\/826","targetHints":{"allow":["GET"]}}],"collection":[{"href":"https:\/\/centrala.org.uk\/pl\/wp-json\/wp\/v2\/product"}],"about":[{"href":"https:\/\/centrala.org.uk\/pl\/wp-json\/wp\/v2\/types\/product"}],"replies":[{"embeddable":true,"href":"https:\/\/centrala.org.uk\/pl\/wp-json\/wp\/v2\/comments?post=826"}],"wp:featuredmedia":[{"embeddable":true,"href":"https:\/\/centrala.org.uk\/pl\/wp-json\/wp\/v2\/media\/827"}],"wp:attachment":[{"href":"https:\/\/centrala.org.uk\/pl\/wp-json\/wp\/v2\/media?parent=826"}],"wp:term":[{"taxonomy":"product_brand","embeddable":true,"href":"https:\/\/centrala.org.uk\/pl\/wp-json\/wp\/v2\/product_brand?post=826"},{"taxonomy":"product_cat","embeddable":true,"href":"https:\/\/centrala.org.uk\/pl\/wp-json\/wp\/v2\/product_cat?post=826"},{"taxonomy":"product_tag","embeddable":true,"href":"https:\/\/centrala.org.uk\/pl\/wp-json\/wp\/v2\/product_tag?post=826"},{"taxonomy":"series","embeddable":true,"href":"https:\/\/centrala.org.uk\/pl\/wp-json\/wp\/v2\/series?post=826"}],"curies":[{"name":"wp","href":"https:\/\/api.w.org\/{rel}","templated":true}]}}