{"id":834,"date":"2014-03-16T16:40:00","date_gmt":"2014-03-16T15:40:00","guid":{"rendered":"http:\/\/centrala.org.uk\/pl\/?post_type=product&#038;p=834"},"modified":"2021-12-10T12:14:13","modified_gmt":"2021-12-10T11:14:13","slug":"zeszyty-komiksowe-3-kobiety-w-komiksach-wydanie-ii","status":"publish","type":"product","link":"https:\/\/centrala.org.uk\/pl\/sklep\/zeszyty-komiksowe-3-kobiety-w-komiksach-wydanie-ii\/","title":{"rendered":"Zeszyty Komiksowe # 3 Kobiety w komiksach. Wydanie II"},"content":{"rendered":"<p>List\u0119 takich pyta\u0144 mo\u017cna by ci\u0105gn\u0105\u0107 jeszcze d\u0142ugo. Wiele z nich zosta\u0142o zadanych w niniejszym numerze naszego pisma. Niekt\u00f3re nawet doczeka\u0142y si\u0119 odpowiedzi. Odpowiedzi w r\u00f3\u017cnych postaciach i p\u0142yn\u0105cych od os\u00f3b obojga p\u0142ci. Uznali\u015bmy bowiem, \u017ce niemo\u017cliwe jest m\u00f3wienie o kobietach w komiksie w czysto m\u0119skim gronie. Dlatego po\u0142owa artyku\u0142\u00f3w i ponad po\u0142owa komiks\u00f3w wysz\u0142a spod damskich r\u0105k. R\u00f3\u017cnice w opiniach i r\u00f3\u017cnice w obrazowaniu \u015bwiata wydaj\u0105 si\u0119 by\u0107 do\u015b\u0107 wyra\u017ane. I bardzo ubogacaj\u0105ce.<\/p>\n<p>Temat tego numeru Zeszyt\u00f3w Komiksowych mo\u017ce wydawa\u0107 si\u0119 oklepany. Czy rzeczywi\u015bcie? Oce\u0144cie, czytelniczki i czytelnicy, sami.<\/p>\n<p>Zapraszamy do lektury,<br \/>\nMicha\u0142 B\u0142a\u017cejczyk i Redakcja<br \/>\nSpis tre\u015bci:<\/p>\n<p>(Komiks) Karina Kreja: &lt;bez tytu\u0142u&gt;<\/p>\n<p>Agnieszka K\u0142os: &#8222;Historie dla ubogich. Tw\u00f3rczo\u015b\u0107 J. Saneckiej i S. Resteckiej&#8221;<\/p>\n<p>(Komiks) Sylwia Restecka: &#8222;Siostry Op\u0119tanki&#8221;<\/p>\n<p>(Komiks) Joanna Sanecka i Sylwia Restecka: &#8222;Sen&#8221;<\/p>\n<p>Pola Soba\u015b: &#8222;Endografia, czyli All Is Full Of Paint&#8221;<\/p>\n<p>(Komiks) Agata &#8222;Endo&#8221; Nowicka: &#8222;Dlaczego zosta\u0142am rysownikiem&#8221;<\/p>\n<p>Wywiad z Dagmar\u0105 Matuszak: &#8222;Dziewczynka w fabryce&#8221;<\/p>\n<p>Pola Dwurnik<br \/>\n&#8222;Zatrzyma\u0107 chwil\u0119. Pola Dwurnik o swoich komiksowych rysunkach&#8221;<\/p>\n<p>(Komiks) Pola Dwurnik: &#8222;ZUS Ci Pomo\u017ce&#8221;<\/p>\n<p>Anna Marczewska<br \/>\n&#8222;Nowe kumpelstwo, czyli \u015bwiat bez kobiet w 'Osiedlu Swoboda'&#8221;<\/p>\n<p>(Komiks) Joanna Karpowicz: &#8222;Dziewczyny potrafi\u0105&#8230; \/ Girl&#8217;s Power&#8221;<\/p>\n<p>Katarzyna Nowakowska: &#8222;Nigdzie. O tw\u00f3rczo\u015bci Debbie Drechsler&#8221;<\/p>\n<p>(Komiks) Maria &#8222;Maribe&#8221; Bulikowska: &lt;bez tytu\u0142u&gt;<\/p>\n<p>Olga Stanis\u0142awska: &#8222;Marjane Satrapi&#8221;:<\/p>\n<p>(Komiks) Marta Semkowicz: &#8222;to tyle&#8221;<\/p>\n<p>Anna Marczewska: &#8222;Codzienno\u015b\u0107 w detalach&#8221;:<\/p>\n<p>(Komiks) Joanna Karpowicz: &#8222;Piek\u0142o &#8211; Niebo&#8221;<\/p>\n<p>Martyna Taniguchi: &#8222;Kobiety w mandze&#8221;:<\/p>\n<p>(Komiks) Marek Turek: &#8222;Luna&#8221;<\/p>\n<p>Tomasz Marciniak: &#8222;Kobiety i kleksy. Polskie autorki komiks\u00f3w do po\u0142owy lat 90&#8221;<\/p>\n<p>Piotr Skonieczny: &#8222;Debiuty bez perspektyw. Polskie autorki komiks\u00f3w ostatnich lat&#8221;<\/p>\n<p>(Komiksy) Tomasz Drabik: &#8222;Tryptyk&#8221; i &#8222;Idea\u0142?&#8221;<\/p>\n<p>(Komiks) \u0141ukasz &#8222;Psor&#8221; Kutasiewicz: &#8222;Zwierzenia Marleny D.&#8221;<\/p>\n<p>Tomasz &#8222;aegirr&#8221; Brzozowski: &#8222;Panu Bogu \u015bwieczk\u0119 a diab\u0142u ogarek, czyli jak tw\u00f3rcy komiks\u00f3w rozumiej\u0105 feminizm&#8221;<\/p>\n<p>Piotr &#8222;Dr_Greenthumb&#8221; Sujka: &#8222;Cycki zamiast dymk\u00f3w. Kilka uwag o obrazowaniu kobiet w komiksach&#8221;<\/p>\n<p>(Komiks) Hubert Ronek: &#8222;Henryk i Bonifacy&#8221;<\/p>\n<p>Marek Turek: &#8222;Babcie, baby, babule\u0144ki. Panie w podesz\u0142ym wieku w polskich komiksach&#8221;<\/p>\n<p>Sebastian Pestka: &#8222;DNA superbohaterek&#8221;<\/p>\n<p>(Komiks) Tomasz &#8222;Asu&#8221; Pastuszka: &#8222;Oto ona&#8221;<\/p>\n<p>Micha\u0142 Siromski: &#8222;Zasada najmniejszego wysi\u0142ku, czyli po co nam stereotypy (kobiet)&#8221;<br \/>\nNowy blok: Komiks w Europie \u015arodkowo-Wschodniej<br \/>\nTom\u00e1\u0161 Prokupek: &#8222;K\u00e1ja Saudek&#8221;<\/p>\n<p>Sta\u0142y blok: Aktualno\u015bci<br \/>\nDamian &#8222;hans&#8221; Handzelewicz, Micha\u0142 &#8222;B\u0142a\u017cej&#8221; B\u0142a\u017cejczyk, Konrad Grzegorzewicz i Witold Nowakowski: &#8222;Opinie o komiksie&#8221;<\/p>\n<p>Jarek Obwa\u017canek: &#8222;Stabilizacja. Rok 2004 na polskim rynku komiksowym&#8221;<\/p>\n","protected":false},"excerpt":{"rendered":"<p>Drodzy Czytelnicy,<br \/>\nKim s\u0105 tw\u00f3rczynie komiks\u00f3w w Polsce i na \u015bwiecie? Co je interesuje? Dlaczego tworz\u0105? Czym ich komiksy r\u00f3\u017cni\u0105 si\u0119 od komiks\u00f3w &#8222;m\u0119skich&#8221;? Czy mo\u017cna w og\u00f3le m\u00f3wi\u0107 o &#8222;komiksie kobiecym&#8221;? Kim s\u0105 jego czytelniczki i czytelnicy? Jakie stereotypy dotycz\u0105ce kobiet s\u0105 rozpowszechnione w komiksach tworzonych przez m\u0119\u017cczyzn?<\/p>\n","protected":false},"featured_media":835,"comment_status":"closed","ping_status":"closed","template":"","meta":{"_acf_changed":false},"product_brand":[],"product_cat":[28],"product_tag":[203,192,197],"series":[],"class_list":{"0":"post-834","1":"product","2":"type-product","3":"status-publish","4":"has-post-thumbnail","6":"product_cat-teksty-o-komiksie","7":"product_tag-kobiety","8":"product_tag-zeszyty-komiksowe","9":"product_tag-zk","11":"first","12":"outofstock","13":"shipping-taxable","14":"purchasable","15":"product-type-simple"},"acf":[],"_links":{"self":[{"href":"https:\/\/centrala.org.uk\/pl\/wp-json\/wp\/v2\/product\/834","targetHints":{"allow":["GET"]}}],"collection":[{"href":"https:\/\/centrala.org.uk\/pl\/wp-json\/wp\/v2\/product"}],"about":[{"href":"https:\/\/centrala.org.uk\/pl\/wp-json\/wp\/v2\/types\/product"}],"replies":[{"embeddable":true,"href":"https:\/\/centrala.org.uk\/pl\/wp-json\/wp\/v2\/comments?post=834"}],"wp:featuredmedia":[{"embeddable":true,"href":"https:\/\/centrala.org.uk\/pl\/wp-json\/wp\/v2\/media\/835"}],"wp:attachment":[{"href":"https:\/\/centrala.org.uk\/pl\/wp-json\/wp\/v2\/media?parent=834"}],"wp:term":[{"taxonomy":"product_brand","embeddable":true,"href":"https:\/\/centrala.org.uk\/pl\/wp-json\/wp\/v2\/product_brand?post=834"},{"taxonomy":"product_cat","embeddable":true,"href":"https:\/\/centrala.org.uk\/pl\/wp-json\/wp\/v2\/product_cat?post=834"},{"taxonomy":"product_tag","embeddable":true,"href":"https:\/\/centrala.org.uk\/pl\/wp-json\/wp\/v2\/product_tag?post=834"},{"taxonomy":"series","embeddable":true,"href":"https:\/\/centrala.org.uk\/pl\/wp-json\/wp\/v2\/series?post=834"}],"curies":[{"name":"wp","href":"https:\/\/api.w.org\/{rel}","templated":true}]}}