{"id":838,"date":"2013-10-16T16:47:45","date_gmt":"2013-10-16T14:47:45","guid":{"rendered":"http:\/\/centrala.org.uk\/pl\/?post_type=product&#038;p=838"},"modified":"2017-01-20T11:59:35","modified_gmt":"2017-01-20T10:59:35","slug":"zeszyty-komiksowe-nr-2-polska-rzeczywistosc-w-polskich-komiksach-wydanie-ii","status":"publish","type":"product","link":"https:\/\/centrala.org.uk\/pl\/sklep\/zeszyty-komiksowe-nr-2-polska-rzeczywistosc-w-polskich-komiksach-wydanie-ii\/","title":{"rendered":"Zeszyty Komiksowe nr 2 (polska) rzeczywisto\u015b\u0107 w (polskich) komiksach. Wydanie II &#8211; NAK\u0141AD WYCZERPANY"},"content":{"rendered":"<p>Dali\u015bmy wi\u0119c po prostu g\u0142os naszym autorom. Niekt\u00f3rzy zaproponowali teksty syntetyczne: panoramy historyczne albo gatunkowe. Wzrok innych pad\u0142 na poszczeg\u00f3lne fragmenty scenografii: zjawiska, komiksy, artyst\u00f3w. Nie ukrywamy, \u017ce nie wyczerpali\u015bmy tematu &#8211; jest to niemo\u017cliwe. Mamy nadziej\u0119, \u017ce taka wielog\u0142osowo\u015b\u0107 umo\u017cliwi Wam, czytelnikom, uchwycenie nieuchwytnego. Nam praca nad tym numerem Zeszyt\u00f3w sprawi\u0142a ogromn\u0105 frajd\u0119.<\/p>\n<p>Dzi\u0119kujemy za zainteresowanie, z jakim spotka\u0142 si\u0119 pierwszy numer Zeszyt\u00f3w Komiksowych i zapraszamy do lektury drugiego numeru!<br \/>\nMicha\u0142 B\u0142a\u017cejczyk i Redakcja<\/p>\n","protected":false},"excerpt":{"rendered":"<p>Opisywanie polskiej rzeczywisto\u015bci w polskich komiksach jest jak ustawienie widz\u00f3w wok\u00f3\u0142 okr\u0105g\u0142ej sceny ze z\u0142o\u017con\u0105, pe\u0142n\u0105 detali scenografi\u0105, ukryt\u0105 za wieloma zas\u0142onami. Ka\u017cdy z widz\u00f3w ods\u0142ania jedn\u0105 z nich i opisuje to, co widzi &#8211; fragment. Aby by\u0142o trudniej, za kulisami krz\u0105taj\u0105 si\u0119 arty\u015bci, ca\u0142y czas przestawiaj\u0105c rekwizyty i zmieniaj\u0105c o\u015bwietlenie, a sama scena jest tak naprawd\u0119 iluzj\u0105. W takiej sytuacji twierdzenie, \u017ce uda\u0142o si\u0119 opisa\u0107 ca\u0142o\u015b\u0107 zjawiska, jest pretensjonalne, i to nawet pomijaj\u0105c trudno\u015bci teoretyczne: na ile sztuka potrafi odzwierciedli\u0107 rzeczywisto\u015b\u0107 i na ile temu, co pokazuje, mo\u017cna przyklei\u0107 etykiet\u0119 &#8222;polskie&#8221;. Jak w takiej sytuacji pisa\u0107 o polskiej rzeczywisto\u015bci w polskich komiksach?<\/p>\n","protected":false},"featured_media":839,"comment_status":"closed","ping_status":"closed","template":"","meta":{"_acf_changed":false},"product_brand":[],"product_cat":[28],"product_tag":[205,204,192,197],"series":[],"class_list":{"0":"post-838","1":"product","2":"type-product","3":"status-publish","4":"has-post-thumbnail","6":"product_cat-teksty-o-komiksie","7":"product_tag-polska-rzeczywistosc","8":"product_tag-polska-rzeczywistosc-w-komiksie","9":"product_tag-zeszyty-komiksowe","10":"product_tag-zk","12":"first","13":"outofstock","14":"shipping-taxable","15":"purchasable","16":"product-type-simple"},"acf":[],"_links":{"self":[{"href":"https:\/\/centrala.org.uk\/pl\/wp-json\/wp\/v2\/product\/838","targetHints":{"allow":["GET"]}}],"collection":[{"href":"https:\/\/centrala.org.uk\/pl\/wp-json\/wp\/v2\/product"}],"about":[{"href":"https:\/\/centrala.org.uk\/pl\/wp-json\/wp\/v2\/types\/product"}],"replies":[{"embeddable":true,"href":"https:\/\/centrala.org.uk\/pl\/wp-json\/wp\/v2\/comments?post=838"}],"wp:featuredmedia":[{"embeddable":true,"href":"https:\/\/centrala.org.uk\/pl\/wp-json\/wp\/v2\/media\/839"}],"wp:attachment":[{"href":"https:\/\/centrala.org.uk\/pl\/wp-json\/wp\/v2\/media?parent=838"}],"wp:term":[{"taxonomy":"product_brand","embeddable":true,"href":"https:\/\/centrala.org.uk\/pl\/wp-json\/wp\/v2\/product_brand?post=838"},{"taxonomy":"product_cat","embeddable":true,"href":"https:\/\/centrala.org.uk\/pl\/wp-json\/wp\/v2\/product_cat?post=838"},{"taxonomy":"product_tag","embeddable":true,"href":"https:\/\/centrala.org.uk\/pl\/wp-json\/wp\/v2\/product_tag?post=838"},{"taxonomy":"series","embeddable":true,"href":"https:\/\/centrala.org.uk\/pl\/wp-json\/wp\/v2\/series?post=838"}],"curies":[{"name":"wp","href":"https:\/\/api.w.org\/{rel}","templated":true}]}}