{"id":842,"date":"2014-05-16T16:54:17","date_gmt":"2014-05-16T14:54:17","guid":{"rendered":"http:\/\/centrala.org.uk\/pl\/?post_type=product&#038;p=842"},"modified":"2017-01-20T11:59:52","modified_gmt":"2017-01-20T10:59:52","slug":"zeszyty-komiksowe-17-picturebooki-poemiksy","status":"publish","type":"product","link":"https:\/\/centrala.org.uk\/pl\/sklep\/zeszyty-komiksowe-17-picturebooki-poemiksy\/","title":{"rendered":"Zeszyty Komiksowe # 17 Picturebooki \/ Poemiksy &#8211; NAK\u0141AD WYCZERPANY"},"content":{"rendered":"<p>W du\u017cym stopniu za nasze s\u0105dy odpowiedzialna jest intuicja. To ona sprawia, \u017ce mamy poczucie i trwania w jakiej\u015b tradycji, i przekraczania granic, wykraczania poza kanon. To ona ka\u017ce nam doszukiwa\u0107 si\u0119 (lub nie) powinowactw mi\u0119dzy r\u00f3\u017cnymi gatunkami czy tw\u00f3rczymi aktywno\u015bciami. \u015awiadomi tego wszystkiego, a tak\u017ce istnienia r\u00f3\u017cnorodnych odmian relacji s\u0142owa i obrazu, postanowili\u015bmy tym razem wyj\u015b\u0107 poza \u015bcis\u0142e ramy (ramki?) komiksu.<br \/>\nHistorie, ksi\u0105\u017cki (ksi\u0105\u017ceczki) obrazkowe, picturebooki, ikonoteksty to poj\u0119cia pojawiaj\u0105ce si\u0119 na \u0142amach niniejszego numeru, buduj\u0105ce nowy \/ stary kontekst, przypominaj\u0105ce, \u017ce komiks nale\u017cy do bogatego \u015bwiata obraz\u00f3w i stanowi zaledwie jeden z wielu jego element\u00f3w, oraz zmuszaj\u0105ce w ko\u0144cu do dyskusji o miejscu komiksu w szeroko rozumianej komunikacji wizualnej. Mamy nadziej\u0119, \u017ce wyj\u015bcie poza ciasne i arbitralne gatunkowe ramy otworzy nowe perspektywy przed badaczami komiksu. I nie tylko przed nimi.<br \/>\nZwracamy r\u00f3wnie\u017c uwag\u0119 na poemiksy i komiksy abstrakcyjne, formy inspiruj\u0105ce (nas &#8211; nie po raz pierwszy) do stawiania pyta\u0144 o granice, zale\u017cno\u015bci i r\u00f3\u017cnice pomi\u0119dzy gatunkami czy u\u017cywanymi przez tw\u00f3rc\u00f3w kodami, ale te\u017c o cele i kierunki rozwoju opowie\u015bci obrazkowych.<br \/>\nW tym miejscu musimy i chcemy podzi\u0119kowa\u0107 profesorowi Jerzemu Szy\u0142akowi, bez kt\u00f3rego pomys\u0142u i pracy ten numer nigdy nie zyska\u0142by r\u00f3wnie pe\u0142nej i dojrza\u0142ej merytorycznie postaci.<\/p>\n","protected":false},"excerpt":{"rendered":"<p>Wok\u00f3\u0142 komiksu nadal kr\u0105\u017c\u0105 opinie nie maj\u0105ce wiele wsp\u00f3lnego z rzeczywisto\u015bci\u0105, powtarzaj\u0105ce bana\u0142y i stereotypy my\u015blowe, wymagaj\u0105ce prostowania i wyja\u015bnie\u0144 nie tylko poza \u015brodowiskiem czytelnik\u00f3w komiks\u00f3w, ale i wewn\u0105trz niego. Z jednej strony &#8211; ugruntowane na niewiedzy, krzywdz\u0105ce, niekiedy zwyczajnie g\u0142upie (nie b\u0119dziemy ich tutaj przypomina\u0107) wypowiedzi, z drugiej &#8211; \u015bwiadomo\u015b\u0107, \u017ce s\u0142owo &#8222;komiks&#8221; jest bardzo pojemne, czasem do tego stopnia, i\u017c zestawiwszy dwa dzie\u0142a, dziwimy si\u0119, \u017ce oba mo\u017cna nazwa\u0107 tak samo. A to w prosty spos\u00f3b prowadzi do przekonania o (r\u00f3\u017cnorako rozumianej) wyj\u0105tkowo\u015bci, autonomiczno\u015bci tego gatunku.<\/p>\n","protected":false},"featured_media":843,"comment_status":"closed","ping_status":"closed","template":"","meta":{"_acf_changed":false},"product_brand":[],"product_cat":[28],"product_tag":[207,206,192,197],"series":[],"class_list":{"0":"post-842","1":"product","2":"type-product","3":"status-publish","4":"has-post-thumbnail","6":"product_cat-teksty-o-komiksie","7":"product_tag-picturebooki","8":"product_tag-poekomiksy","9":"product_tag-zeszyty-komiksowe","10":"product_tag-zk","12":"first","13":"outofstock","14":"shipping-taxable","15":"purchasable","16":"product-type-simple"},"acf":[],"_links":{"self":[{"href":"https:\/\/centrala.org.uk\/pl\/wp-json\/wp\/v2\/product\/842","targetHints":{"allow":["GET"]}}],"collection":[{"href":"https:\/\/centrala.org.uk\/pl\/wp-json\/wp\/v2\/product"}],"about":[{"href":"https:\/\/centrala.org.uk\/pl\/wp-json\/wp\/v2\/types\/product"}],"replies":[{"embeddable":true,"href":"https:\/\/centrala.org.uk\/pl\/wp-json\/wp\/v2\/comments?post=842"}],"wp:featuredmedia":[{"embeddable":true,"href":"https:\/\/centrala.org.uk\/pl\/wp-json\/wp\/v2\/media\/843"}],"wp:attachment":[{"href":"https:\/\/centrala.org.uk\/pl\/wp-json\/wp\/v2\/media?parent=842"}],"wp:term":[{"taxonomy":"product_brand","embeddable":true,"href":"https:\/\/centrala.org.uk\/pl\/wp-json\/wp\/v2\/product_brand?post=842"},{"taxonomy":"product_cat","embeddable":true,"href":"https:\/\/centrala.org.uk\/pl\/wp-json\/wp\/v2\/product_cat?post=842"},{"taxonomy":"product_tag","embeddable":true,"href":"https:\/\/centrala.org.uk\/pl\/wp-json\/wp\/v2\/product_tag?post=842"},{"taxonomy":"series","embeddable":true,"href":"https:\/\/centrala.org.uk\/pl\/wp-json\/wp\/v2\/series?post=842"}],"curies":[{"name":"wp","href":"https:\/\/api.w.org\/{rel}","templated":true}]}}