{"id":860,"date":"2014-09-24T10:01:29","date_gmt":"2014-09-24T08:01:29","guid":{"rendered":"http:\/\/centrala.org.uk\/pl\/?post_type=product&#038;p=860"},"modified":"2016-10-04T15:52:29","modified_gmt":"2016-10-04T13:52:29","slug":"to-byla-wojna-okopow","status":"publish","type":"product","link":"https:\/\/centrala.org.uk\/pl\/sklep\/to-byla-wojna-okopow\/","title":{"rendered":"To by\u0142a wojna okop\u00f3w"},"content":{"rendered":"<p>\u201ePierwsza Wojna \u015awiatowa\u201d , wynalazek, kt\u00f3ry najwyra\u017aniej si\u0119 spodoba\u0142: gazy otworzy\u0142y nowe horyzonty, przyczyni\u0142y si\u0119 do powstania nowych idei, wszystko to by\u0142o bardzo \u201enowoczesne\u201d\u2026 Wszystkie te idee by\u0142y ju\u017c dobrze zakorzenione u cz\u0142owieka z Cro-Magnon. To okrucie\u0144stwo, kt\u00f3re cz\u0142owiek nosi w sobie. Tylko metody eksterminacji sta\u0142y si\u0119 bardziej wyrafinowane, i w tym wzgl\u0119dzie powinni\u015bmy chyli\u0107 czo\u0142a przed wojn\u0105 1914-1918!<\/p>\n<p>T\u0142umaczenie z j\u0119zyka francuskiego: Katarzyna Dargiel<\/p>\n<div id='gallery-1' class='gallery galleryid-860 gallery-columns-3 gallery-size-thumbnail'><figure class='gallery-item'>\n\t\t\t<div class='gallery-icon portrait'>\n\t\t\t\t<a href='https:\/\/centrala.org.uk\/pl\/?attachment_id=862'><img loading=\"lazy\" decoding=\"async\" width=\"220\" height=\"288\" src=\"https:\/\/centrala.org.uk\/pl\/wp-content\/uploads\/sites\/2\/2014\/09\/WOFrag-page1-220x288.jpg\" class=\"attachment-thumbnail size-thumbnail\" alt=\"\" srcset=\"https:\/\/centrala.org.uk\/pl\/wp-content\/uploads\/sites\/2\/2014\/09\/WOFrag-page1-220x288.jpg 220w, https:\/\/centrala.org.uk\/pl\/wp-content\/uploads\/sites\/2\/2014\/09\/WOFrag-page1-640x839.jpg 640w, https:\/\/centrala.org.uk\/pl\/wp-content\/uploads\/sites\/2\/2014\/09\/WOFrag-page1-686x900.jpg 686w, https:\/\/centrala.org.uk\/pl\/wp-content\/uploads\/sites\/2\/2014\/09\/WOFrag-page1-210x275.jpg 210w, https:\/\/centrala.org.uk\/pl\/wp-content\/uploads\/sites\/2\/2014\/09\/WOFrag-page1-480x629.jpg 480w, https:\/\/centrala.org.uk\/pl\/wp-content\/uploads\/sites\/2\/2014\/09\/WOFrag-page1.jpg 1328w\" sizes=\"auto, (max-width: 220px) 100vw, 220px\" \/><\/a>\n\t\t\t<\/div><\/figure><figure class='gallery-item'>\n\t\t\t<div class='gallery-icon portrait'>\n\t\t\t\t<a href='https:\/\/centrala.org.uk\/pl\/?attachment_id=863'><img loading=\"lazy\" decoding=\"async\" width=\"220\" height=\"288\" src=\"https:\/\/centrala.org.uk\/pl\/wp-content\/uploads\/sites\/2\/2014\/09\/WOFrag-page2-220x288.jpg\" class=\"attachment-thumbnail size-thumbnail\" alt=\"\" srcset=\"https:\/\/centrala.org.uk\/pl\/wp-content\/uploads\/sites\/2\/2014\/09\/WOFrag-page2-220x288.jpg 220w, https:\/\/centrala.org.uk\/pl\/wp-content\/uploads\/sites\/2\/2014\/09\/WOFrag-page2-640x839.jpg 640w, https:\/\/centrala.org.uk\/pl\/wp-content\/uploads\/sites\/2\/2014\/09\/WOFrag-page2-686x900.jpg 686w, https:\/\/centrala.org.uk\/pl\/wp-content\/uploads\/sites\/2\/2014\/09\/WOFrag-page2-210x275.jpg 210w, https:\/\/centrala.org.uk\/pl\/wp-content\/uploads\/sites\/2\/2014\/09\/WOFrag-page2-480x629.jpg 480w, https:\/\/centrala.org.uk\/pl\/wp-content\/uploads\/sites\/2\/2014\/09\/WOFrag-page2.jpg 1328w\" sizes=\"auto, (max-width: 220px) 100vw, 220px\" \/><\/a>\n\t\t\t<\/div><\/figure><figure class='gallery-item'>\n\t\t\t<div class='gallery-icon portrait'>\n\t\t\t\t<a href='https:\/\/centrala.org.uk\/pl\/?attachment_id=864'><img loading=\"lazy\" decoding=\"async\" width=\"220\" height=\"288\" src=\"https:\/\/centrala.org.uk\/pl\/wp-content\/uploads\/sites\/2\/2014\/09\/WOFrag-page3-220x288.jpg\" class=\"attachment-thumbnail size-thumbnail\" alt=\"\" srcset=\"https:\/\/centrala.org.uk\/pl\/wp-content\/uploads\/sites\/2\/2014\/09\/WOFrag-page3-220x288.jpg 220w, https:\/\/centrala.org.uk\/pl\/wp-content\/uploads\/sites\/2\/2014\/09\/WOFrag-page3-640x839.jpg 640w, https:\/\/centrala.org.uk\/pl\/wp-content\/uploads\/sites\/2\/2014\/09\/WOFrag-page3-686x900.jpg 686w, https:\/\/centrala.org.uk\/pl\/wp-content\/uploads\/sites\/2\/2014\/09\/WOFrag-page3-210x275.jpg 210w, https:\/\/centrala.org.uk\/pl\/wp-content\/uploads\/sites\/2\/2014\/09\/WOFrag-page3-480x629.jpg 480w, https:\/\/centrala.org.uk\/pl\/wp-content\/uploads\/sites\/2\/2014\/09\/WOFrag-page3.jpg 1328w\" sizes=\"auto, (max-width: 220px) 100vw, 220px\" \/><\/a>\n\t\t\t<\/div><\/figure><figure class='gallery-item'>\n\t\t\t<div class='gallery-icon portrait'>\n\t\t\t\t<a href='https:\/\/centrala.org.uk\/pl\/?attachment_id=865'><img loading=\"lazy\" decoding=\"async\" width=\"220\" height=\"288\" src=\"https:\/\/centrala.org.uk\/pl\/wp-content\/uploads\/sites\/2\/2014\/09\/WOFrag-page4-220x288.jpg\" class=\"attachment-thumbnail size-thumbnail\" alt=\"\" srcset=\"https:\/\/centrala.org.uk\/pl\/wp-content\/uploads\/sites\/2\/2014\/09\/WOFrag-page4-220x288.jpg 220w, https:\/\/centrala.org.uk\/pl\/wp-content\/uploads\/sites\/2\/2014\/09\/WOFrag-page4-640x839.jpg 640w, https:\/\/centrala.org.uk\/pl\/wp-content\/uploads\/sites\/2\/2014\/09\/WOFrag-page4-686x900.jpg 686w, https:\/\/centrala.org.uk\/pl\/wp-content\/uploads\/sites\/2\/2014\/09\/WOFrag-page4-210x275.jpg 210w, https:\/\/centrala.org.uk\/pl\/wp-content\/uploads\/sites\/2\/2014\/09\/WOFrag-page4-480x629.jpg 480w, https:\/\/centrala.org.uk\/pl\/wp-content\/uploads\/sites\/2\/2014\/09\/WOFrag-page4.jpg 1328w\" sizes=\"auto, (max-width: 220px) 100vw, 220px\" \/><\/a>\n\t\t\t<\/div><\/figure><figure class='gallery-item'>\n\t\t\t<div class='gallery-icon portrait'>\n\t\t\t\t<a href='https:\/\/centrala.org.uk\/pl\/?attachment_id=866'><img loading=\"lazy\" decoding=\"async\" width=\"220\" height=\"288\" src=\"https:\/\/centrala.org.uk\/pl\/wp-content\/uploads\/sites\/2\/2014\/09\/WOFrag-page5-220x288.jpg\" class=\"attachment-thumbnail size-thumbnail\" alt=\"\" srcset=\"https:\/\/centrala.org.uk\/pl\/wp-content\/uploads\/sites\/2\/2014\/09\/WOFrag-page5-220x288.jpg 220w, https:\/\/centrala.org.uk\/pl\/wp-content\/uploads\/sites\/2\/2014\/09\/WOFrag-page5-640x839.jpg 640w, https:\/\/centrala.org.uk\/pl\/wp-content\/uploads\/sites\/2\/2014\/09\/WOFrag-page5-686x900.jpg 686w, https:\/\/centrala.org.uk\/pl\/wp-content\/uploads\/sites\/2\/2014\/09\/WOFrag-page5-210x275.jpg 210w, https:\/\/centrala.org.uk\/pl\/wp-content\/uploads\/sites\/2\/2014\/09\/WOFrag-page5-480x629.jpg 480w, https:\/\/centrala.org.uk\/pl\/wp-content\/uploads\/sites\/2\/2014\/09\/WOFrag-page5.jpg 1328w\" sizes=\"auto, (max-width: 220px) 100vw, 220px\" \/><\/a>\n\t\t\t<\/div><\/figure><figure class='gallery-item'>\n\t\t\t<div class='gallery-icon portrait'>\n\t\t\t\t<a href='https:\/\/centrala.org.uk\/pl\/?attachment_id=867'><img loading=\"lazy\" decoding=\"async\" width=\"220\" height=\"288\" src=\"https:\/\/centrala.org.uk\/pl\/wp-content\/uploads\/sites\/2\/2014\/09\/WOFrag-page6-220x288.jpg\" class=\"attachment-thumbnail size-thumbnail\" alt=\"\" srcset=\"https:\/\/centrala.org.uk\/pl\/wp-content\/uploads\/sites\/2\/2014\/09\/WOFrag-page6-220x288.jpg 220w, https:\/\/centrala.org.uk\/pl\/wp-content\/uploads\/sites\/2\/2014\/09\/WOFrag-page6-640x839.jpg 640w, https:\/\/centrala.org.uk\/pl\/wp-content\/uploads\/sites\/2\/2014\/09\/WOFrag-page6-686x900.jpg 686w, https:\/\/centrala.org.uk\/pl\/wp-content\/uploads\/sites\/2\/2014\/09\/WOFrag-page6-210x275.jpg 210w, https:\/\/centrala.org.uk\/pl\/wp-content\/uploads\/sites\/2\/2014\/09\/WOFrag-page6-480x629.jpg 480w, https:\/\/centrala.org.uk\/pl\/wp-content\/uploads\/sites\/2\/2014\/09\/WOFrag-page6.jpg 1328w\" sizes=\"auto, (max-width: 220px) 100vw, 220px\" \/><\/a>\n\t\t\t<\/div><\/figure><figure class='gallery-item'>\n\t\t\t<div class='gallery-icon portrait'>\n\t\t\t\t<a href='https:\/\/centrala.org.uk\/pl\/?attachment_id=868'><img loading=\"lazy\" decoding=\"async\" width=\"220\" height=\"288\" src=\"https:\/\/centrala.org.uk\/pl\/wp-content\/uploads\/sites\/2\/2014\/09\/WOFrag-page7-220x288.jpg\" class=\"attachment-thumbnail size-thumbnail\" alt=\"\" srcset=\"https:\/\/centrala.org.uk\/pl\/wp-content\/uploads\/sites\/2\/2014\/09\/WOFrag-page7-220x288.jpg 220w, https:\/\/centrala.org.uk\/pl\/wp-content\/uploads\/sites\/2\/2014\/09\/WOFrag-page7-640x839.jpg 640w, https:\/\/centrala.org.uk\/pl\/wp-content\/uploads\/sites\/2\/2014\/09\/WOFrag-page7-686x900.jpg 686w, https:\/\/centrala.org.uk\/pl\/wp-content\/uploads\/sites\/2\/2014\/09\/WOFrag-page7-210x275.jpg 210w, https:\/\/centrala.org.uk\/pl\/wp-content\/uploads\/sites\/2\/2014\/09\/WOFrag-page7-480x629.jpg 480w, https:\/\/centrala.org.uk\/pl\/wp-content\/uploads\/sites\/2\/2014\/09\/WOFrag-page7.jpg 1328w\" sizes=\"auto, (max-width: 220px) 100vw, 220px\" \/><\/a>\n\t\t\t<\/div><\/figure>\n\t\t<\/div>\n\n","protected":false},"excerpt":{"rendered":"<p>Ze wst\u0119pu Autora:<br \/>\nInteresuje mnie wy\u0142\u0105cznie cz\u0142owiek i jego cierpienia, i moje oburzenie jest ogromne\u2026 Chodzi o nasz\u0105 Histori\u0119, Histori\u0119 Europy, to w Sarajewie zaczyna si\u0119 XX wiek, wiek uprzemys\u0142owienia \u015bmierci.<\/p>\n","protected":false},"featured_media":861,"comment_status":"closed","ping_status":"closed","template":"","meta":{"_acf_changed":false},"product_brand":[],"product_cat":[32],"product_tag":[212,214,213],"series":[],"class_list":{"0":"post-860","1":"product","2":"type-product","3":"status-publish","4":"has-post-thumbnail","6":"product_cat-komiks","7":"product_tag-jaques-tardi","8":"product_tag-tardi","9":"product_tag-to-byla-wojna-okopow","11":"first","12":"outofstock","13":"shipping-taxable","14":"purchasable","15":"product-type-simple"},"acf":[],"_links":{"self":[{"href":"https:\/\/centrala.org.uk\/pl\/wp-json\/wp\/v2\/product\/860","targetHints":{"allow":["GET"]}}],"collection":[{"href":"https:\/\/centrala.org.uk\/pl\/wp-json\/wp\/v2\/product"}],"about":[{"href":"https:\/\/centrala.org.uk\/pl\/wp-json\/wp\/v2\/types\/product"}],"replies":[{"embeddable":true,"href":"https:\/\/centrala.org.uk\/pl\/wp-json\/wp\/v2\/comments?post=860"}],"wp:featuredmedia":[{"embeddable":true,"href":"https:\/\/centrala.org.uk\/pl\/wp-json\/wp\/v2\/media\/861"}],"wp:attachment":[{"href":"https:\/\/centrala.org.uk\/pl\/wp-json\/wp\/v2\/media?parent=860"}],"wp:term":[{"taxonomy":"product_brand","embeddable":true,"href":"https:\/\/centrala.org.uk\/pl\/wp-json\/wp\/v2\/product_brand?post=860"},{"taxonomy":"product_cat","embeddable":true,"href":"https:\/\/centrala.org.uk\/pl\/wp-json\/wp\/v2\/product_cat?post=860"},{"taxonomy":"product_tag","embeddable":true,"href":"https:\/\/centrala.org.uk\/pl\/wp-json\/wp\/v2\/product_tag?post=860"},{"taxonomy":"series","embeddable":true,"href":"https:\/\/centrala.org.uk\/pl\/wp-json\/wp\/v2\/series?post=860"}],"curies":[{"name":"wp","href":"https:\/\/api.w.org\/{rel}","templated":true}]}}