{"id":871,"date":"2014-09-24T10:19:58","date_gmt":"2014-09-24T08:19:58","guid":{"rendered":"http:\/\/centrala.org.uk\/pl\/?post_type=product&#038;p=871"},"modified":"2022-11-21T15:20:33","modified_gmt":"2022-11-21T14:20:33","slug":"miller-pynchon","status":"publish","type":"product","link":"https:\/\/centrala.org.uk\/pl\/sklep\/miller-pynchon\/","title":{"rendered":"Miller &amp; Pynchon"},"content":{"rendered":"<p>W miar\u0119 jak u\u015bwiadamiaj\u0105 sobie skal\u0119 tego przedsi\u0119wzi\u0119cia, ogarnia ich te\u017c poczucie bezsensu w\u0142asnej egzystencji, i z ka\u017cdym kolejnym pomiarem coraz bardziej skupiaj\u0105 si\u0119 na tym, jaki kierunek przyjmuje ich \u017cycie. Sk\u0142onny do melancholii Pynchon rozpami\u0119tuje \u015bmier\u0107 ukochanej \u017cony, podczas gdy pragmatyczny Miller z determinacj\u0105 szuka zapomnienia w rozpu\u015bcie. \u017bal, skrucha, wiara, farsa, druga p\u0142e\u0107, dzieci, gadaj\u0105ce krokodyle oraz ser \u2013 to tylko niekt\u00f3re z temat\u00f3w, kt\u00f3re porusza dwadzie\u015bcia tajemniczych przypowie\u015bci Millera i Pynchona. Mo\u017ce i ludzie nauki czuj\u0105 si\u0119 bezpiecznie w otoczeniu liczb, ale niekt\u00f3rych rzeczy nie da si\u0119 prze\u0142o\u017cy\u0107 na wykresy. Leopold Maurer Urodzony w 1969 r. w Wiedniu. W latach 1988-1994 studiowa\u0142 socjologi\u0119 na Uniwersytecie Wiede\u0144skim. Przez kolejne cztery lata by\u0142 studentem malarstwa i grafiki na wiede\u0144skiej Akademii Sztuk Pi\u0119knych. \u017byje i pracuje w Wiedniu i Trautmannsdorfie. Komiks \u201eMiller i Pynchon\u201d ukaza\u0142 si\u0119 w Austrii (Luftschacht), w Anglii (SelfMadeHero), we Francji (Editions Cambourakis) oraz w Japonii (Suisei Inc.) Wydano dzi\u0119ki dofinansowaniu ze \u015brodk\u00f3w Austriackiego Forum Kultury w Warszawie.<\/p>\n","protected":false},"excerpt":{"rendered":"<p>Dla naszych bohater\u00f3w, Millera i Pynchona, pozornie \u0142atwe zadanie wytyczenia linii demarkacyjnej rozrasta si\u0119 do znacznie wi\u0119kszych rozmiar\u00f3w. Najpierw decyduj\u0105 si\u0119 podj\u0105\u0107 ambitniejszego wyzwania i precyzyjnie wyznaczy\u0107 punkt kulminacji Wenus, a potem na tej podstawie obliczy\u0107 odleg\u0142o\u015b\u0107 Ziemi od S\u0142o\u0144ca.<\/p>\n","protected":false},"featured_media":872,"comment_status":"closed","ping_status":"closed","template":"","meta":{"_acf_changed":false},"product_brand":[],"product_cat":[32],"product_tag":[215,217,216,218],"series":[],"class_list":{"0":"post-871","1":"product","2":"type-product","3":"status-publish","4":"has-post-thumbnail","6":"product_cat-komiks","7":"product_tag-leopold-maurer","8":"product_tag-miller","9":"product_tag-miller-pynchon","10":"product_tag-pynchon","12":"first","13":"outofstock","14":"sold-individually","15":"shipping-taxable","16":"purchasable","17":"product-type-simple"},"acf":[],"_links":{"self":[{"href":"https:\/\/centrala.org.uk\/pl\/wp-json\/wp\/v2\/product\/871","targetHints":{"allow":["GET"]}}],"collection":[{"href":"https:\/\/centrala.org.uk\/pl\/wp-json\/wp\/v2\/product"}],"about":[{"href":"https:\/\/centrala.org.uk\/pl\/wp-json\/wp\/v2\/types\/product"}],"replies":[{"embeddable":true,"href":"https:\/\/centrala.org.uk\/pl\/wp-json\/wp\/v2\/comments?post=871"}],"wp:featuredmedia":[{"embeddable":true,"href":"https:\/\/centrala.org.uk\/pl\/wp-json\/wp\/v2\/media\/872"}],"wp:attachment":[{"href":"https:\/\/centrala.org.uk\/pl\/wp-json\/wp\/v2\/media?parent=871"}],"wp:term":[{"taxonomy":"product_brand","embeddable":true,"href":"https:\/\/centrala.org.uk\/pl\/wp-json\/wp\/v2\/product_brand?post=871"},{"taxonomy":"product_cat","embeddable":true,"href":"https:\/\/centrala.org.uk\/pl\/wp-json\/wp\/v2\/product_cat?post=871"},{"taxonomy":"product_tag","embeddable":true,"href":"https:\/\/centrala.org.uk\/pl\/wp-json\/wp\/v2\/product_tag?post=871"},{"taxonomy":"series","embeddable":true,"href":"https:\/\/centrala.org.uk\/pl\/wp-json\/wp\/v2\/series?post=871"}],"curies":[{"name":"wp","href":"https:\/\/api.w.org\/{rel}","templated":true}]}}