{"id":886,"date":"2014-09-24T12:25:56","date_gmt":"2014-09-24T10:25:56","guid":{"rendered":"http:\/\/centrala.org.uk\/pl\/?post_type=product&#038;p=886"},"modified":"2024-02-04T11:22:25","modified_gmt":"2024-02-04T10:22:25","slug":"zeszyty-komiksowe-18-komiks-dla-dzieci","status":"publish","type":"product","link":"https:\/\/centrala.org.uk\/pl\/sklep\/zeszyty-komiksowe-18-komiks-dla-dzieci\/","title":{"rendered":"Zeszyty Komiksowe #18 Komiks dla dzieci"},"content":{"rendered":"<p>W niniejszym numerze przypominamy, \u017ce o komiksie dla dzieci m\u00f3wi si\u0119 od dawna, a ustalenia poczynione przed laty nadal pozostaj\u0105 aktualne (Birek). Pokazujemy r\u00f3wnie\u017c, \u017ce pogl\u0105dy na temat tej odmiany komiksu nie musz\u0105 nale\u017ce\u0107 do kategorii oczywisto\u015bci.<br \/>\nNie ma w tym numerze snutych po raz kolejny narracji o dawnych mistrzach i pracach znanych przede wszystkim tym, kt\u00f3rzy pami\u0119taj\u0105 jeszcze minion\u0105 epok\u0119. Mamy nadziej\u0119, \u017ce nowe spojrzenia na t\u0119 tw\u00f3rczo\u015b\u0107 pojawi\u0105 si\u0119 z kolejnymi pokoleniami, kt\u00f3rym dzi\u015b serwowana jest ona w nowych wydaniach. Jest natomiast o tym, co dzieje si\u0119 obecnie. O tw\u00f3rcach, kt\u00f3rzy doczekali si\u0119 uznania (jak\u017ce zbie\u017cne s\u0105 losy Tomasza Samojlika i Pau), o czytelnikach, kt\u00f3rzy mog\u0105 cieszy\u0107 si\u0119 kolejnymi tytu\u0142ami dla najm\u0142odszych (nie zawsze ci, kt\u00f3rzy ciesz\u0105 si\u0119 najbardziej, nale\u017c\u0105 do najm\u0142odszej kategorii wiekowej). Jest wreszcie o szkole, kt\u00f3ra dojrzewa, cho\u0107 ca\u0142y czas bardzo powoli, do komiksu.<br \/>\nWracamy w tym numerze r\u00f3wnie\u017c jeszcze raz do lat dziewi\u0119\u0107dziesi\u0105tych \u2013 okresu, kt\u00f3ry mia\u0142 wed\u0142ug nas kolosalne znaczenie dla rozwoju polskiego rynku komiksowego.<br \/>\nChcemy przy okazji podzi\u0119kowa\u0107 Maciejowi Gierszewskiemu za pomoc w zorganizowaniu pospolitego ruszenia m\u0142odych artyst\u00f3w, kt\u00f3rych prace znalaz\u0142y si\u0119 w tym numerze, oraz przeprosi\u0107 Luo RongRong za publikacj\u0119 jej artyku\u0142u z tak du\u017cym op\u00f3\u017anieniem.<\/p>\n","protected":false},"excerpt":{"rendered":"<p>Komiks nie jest dla dzieci, ale jest komiks dla dzieci. Wiedz\u0105 o tym wszyscy, nawet je\u015bli wiedza sporej cz\u0119\u015bci spo\u0142ecze\u0144stwa na temat komiksu ogranicza si\u0119 do, niekoniecznie pog\u0142\u0119bionej, znajomo\u015bci los\u00f3w Kaczora Donalda.<\/p>\n","protected":false},"featured_media":887,"comment_status":"closed","ping_status":"closed","template":"","meta":{"_acf_changed":false},"product_brand":[],"product_cat":[42,28],"product_tag":[219,192],"series":[],"class_list":{"0":"post-886","1":"product","2":"type-product","3":"status-publish","4":"has-post-thumbnail","6":"product_cat-dla-dzieci","7":"product_cat-teksty-o-komiksie","8":"product_tag-komiks-dla-dzieci","9":"product_tag-zeszyty-komiksowe","11":"first","12":"outofstock","13":"shipping-taxable","14":"purchasable","15":"product-type-simple"},"acf":[],"_links":{"self":[{"href":"https:\/\/centrala.org.uk\/pl\/wp-json\/wp\/v2\/product\/886","targetHints":{"allow":["GET"]}}],"collection":[{"href":"https:\/\/centrala.org.uk\/pl\/wp-json\/wp\/v2\/product"}],"about":[{"href":"https:\/\/centrala.org.uk\/pl\/wp-json\/wp\/v2\/types\/product"}],"replies":[{"embeddable":true,"href":"https:\/\/centrala.org.uk\/pl\/wp-json\/wp\/v2\/comments?post=886"}],"wp:featuredmedia":[{"embeddable":true,"href":"https:\/\/centrala.org.uk\/pl\/wp-json\/wp\/v2\/media\/887"}],"wp:attachment":[{"href":"https:\/\/centrala.org.uk\/pl\/wp-json\/wp\/v2\/media?parent=886"}],"wp:term":[{"taxonomy":"product_brand","embeddable":true,"href":"https:\/\/centrala.org.uk\/pl\/wp-json\/wp\/v2\/product_brand?post=886"},{"taxonomy":"product_cat","embeddable":true,"href":"https:\/\/centrala.org.uk\/pl\/wp-json\/wp\/v2\/product_cat?post=886"},{"taxonomy":"product_tag","embeddable":true,"href":"https:\/\/centrala.org.uk\/pl\/wp-json\/wp\/v2\/product_tag?post=886"},{"taxonomy":"series","embeddable":true,"href":"https:\/\/centrala.org.uk\/pl\/wp-json\/wp\/v2\/series?post=886"}],"curies":[{"name":"wp","href":"https:\/\/api.w.org\/{rel}","templated":true}]}}