{"id":919,"date":"2012-02-07T19:46:02","date_gmt":"2012-02-07T18:46:02","guid":{"rendered":"http:\/\/centrala.org.uk\/pl\/?post_type=product&#038;p=919"},"modified":"2024-02-04T11:27:26","modified_gmt":"2024-02-04T10:27:26","slug":"dzicy","status":"publish","type":"product","link":"https:\/\/centrala.org.uk\/pl\/sklep\/dzicy\/","title":{"rendered":"Dzicy"},"content":{"rendered":"<p>Komiks &#8222;Dzicy&#8221; zdoby\u0142 dwie g\u0142\u00f3wne nagrody na praskim festiwalu Komiksfest 2011:<br \/>\n&#8211; najlepszy czeski komiks 2011,<br \/>\n&#8211; najlepszy scenariusz 2011,<br \/>\noraz nominacj\u0119 do Prix Artemisia 2012, nagrody, kt\u00f3ra od 2007 roku jest przyznawana artystkom komiksowym przez francuskie stowarzyszenie Art\u00e9misia.<br \/>\nKomiks &#8222;Dzicy&#8221; zosta\u0142 te\u017c nominowany jako najlepszy projekt na festiwalu w Algierze w 2012 roku.<\/p>\n<p>1 % od ceny ok\u0142adkowej komiksu jest przeznaczony dla czeskiego Stowarzyszenia CHECOMACOCO, kt\u00f3ra wspiera programy pomocy dla indian z plemienia Czamakoko (hiszp. Chamacoco).<\/p>\n","protected":false},"excerpt":{"rendered":"<p>Komiksowa opowie\u015b\u0107 biograficzna oparta na autentycznych wydarzeniach,<br \/>\nkt\u00f3re przedstawi\u0142 \u00a0w swoich zapiskach m\u0142ody czeski podr\u00f3\u017cnik i botanik Alberto Vojt\u011bch Fri\u010d. Zim\u0105 1908 roku przywozi on z Paragwaju do Europy indianina Czerwiusza, kt\u00f3rego plemi\u0119 dziesi\u0105tkuje nieznana choroba.<br \/>\nUjmuj\u0105ca historia o spotkaniu dw\u00f3ch ludzi z zupe\u0142nie innych \u015bwiat\u00f3w i kultur&#8230;<\/p>\n","protected":false},"featured_media":920,"comment_status":"closed","ping_status":"closed","template":"","meta":{"_acf_changed":false},"product_brand":[],"product_cat":[47,32],"product_tag":[226,51,225,65],"series":[],"class_list":{"0":"post-919","1":"product","2":"type-product","3":"status-publish","4":"has-post-thumbnail","6":"product_cat-dla-mlodziezy","7":"product_cat-komiks","8":"product_tag-czeski","9":"product_tag-dla-mlodziezy-2","10":"product_tag-dzicy","11":"product_tag-lucie-lomova","13":"first","14":"outofstock","15":"shipping-taxable","16":"purchasable","17":"product-type-simple"},"acf":[],"_links":{"self":[{"href":"https:\/\/centrala.org.uk\/pl\/wp-json\/wp\/v2\/product\/919","targetHints":{"allow":["GET"]}}],"collection":[{"href":"https:\/\/centrala.org.uk\/pl\/wp-json\/wp\/v2\/product"}],"about":[{"href":"https:\/\/centrala.org.uk\/pl\/wp-json\/wp\/v2\/types\/product"}],"replies":[{"embeddable":true,"href":"https:\/\/centrala.org.uk\/pl\/wp-json\/wp\/v2\/comments?post=919"}],"wp:featuredmedia":[{"embeddable":true,"href":"https:\/\/centrala.org.uk\/pl\/wp-json\/wp\/v2\/media\/920"}],"wp:attachment":[{"href":"https:\/\/centrala.org.uk\/pl\/wp-json\/wp\/v2\/media?parent=919"}],"wp:term":[{"taxonomy":"product_brand","embeddable":true,"href":"https:\/\/centrala.org.uk\/pl\/wp-json\/wp\/v2\/product_brand?post=919"},{"taxonomy":"product_cat","embeddable":true,"href":"https:\/\/centrala.org.uk\/pl\/wp-json\/wp\/v2\/product_cat?post=919"},{"taxonomy":"product_tag","embeddable":true,"href":"https:\/\/centrala.org.uk\/pl\/wp-json\/wp\/v2\/product_tag?post=919"},{"taxonomy":"series","embeddable":true,"href":"https:\/\/centrala.org.uk\/pl\/wp-json\/wp\/v2\/series?post=919"}],"curies":[{"name":"wp","href":"https:\/\/api.w.org\/{rel}","templated":true}]}}