{"id":940,"date":"2015-06-02T22:02:17","date_gmt":"2015-06-02T20:02:17","guid":{"rendered":"http:\/\/centrala.org.uk\/pl\/?post_type=product&#038;p=940"},"modified":"2018-08-06T11:51:50","modified_gmt":"2018-08-06T09:51:50","slug":"lokomotywaideolo","status":"publish","type":"product","link":"https:\/\/centrala.org.uk\/pl\/sklep\/lokomotywaideolo\/","title":{"rendered":"Lokomotywa\/IDEOLO"},"content":{"rendered":"<p><img loading=\"lazy\" decoding=\"async\" class=\"alignnone size-medium wp-image-944\" src=\"https:\/\/centrala.org.uk\/pl\/wp-content\/uploads\/sites\/2\/2015\/06\/3_m-640x433.jpg\" alt=\"3_m\" width=\"640\" height=\"433\" srcset=\"https:\/\/centrala.org.uk\/pl\/wp-content\/uploads\/sites\/2\/2015\/06\/3_m-640x433.jpg 640w, https:\/\/centrala.org.uk\/pl\/wp-content\/uploads\/sites\/2\/2015\/06\/3_m-220x148.jpg 220w, https:\/\/centrala.org.uk\/pl\/wp-content\/uploads\/sites\/2\/2015\/06\/3_m-210x142.jpg 210w, https:\/\/centrala.org.uk\/pl\/wp-content\/uploads\/sites\/2\/2015\/06\/3_m-480x324.jpg 480w, https:\/\/centrala.org.uk\/pl\/wp-content\/uploads\/sites\/2\/2015\/06\/3_m.jpg 962w\" sizes=\"auto, (max-width: 640px) 100vw, 640px\" \/><\/p>\n<p>Lokomotywa\/IDEOLO jest oparta na tekstach Juliana Tuwima, kt\u00f3re zosta\u0142y zestawione z faktami odnosz\u0105cymi si\u0119 do wsp\u00f3\u0142czesnych problem\u00f3w gospodarczych, ekonomicznych, ekologicznych, etycznych. To ods\u0142ona Tuwima zaanga\u017cowanego, odwa\u017cnego, bezkompromisowego w poruszaniu tak trudnych temat\u00f3w, jak to\u017csamo\u015b\u0107 narodowa, rasizm, antysemityzm.<br \/>\nW poci\u0105gu jad\u0105 \u017bydzi, kibole, \u017co\u0142nierze, geje i lesbijki, hipsterzy oraz zwierz\u0119ta, przewo\u017cone s\u0105 r\u00f3\u017cne materia\u0142y.<\/p>\n<p>Nagrody i wyr\u00f3\u017cnienia:<\/p>\n<p><img loading=\"lazy\" decoding=\"async\" class=\"alignnone size-medium wp-image-941\" src=\"https:\/\/centrala.org.uk\/pl\/wp-content\/uploads\/sites\/2\/2015\/06\/LocomotiveAwards-640x125.jpg\" alt=\"LocomotiveAwards\" width=\"640\" height=\"125\" srcset=\"https:\/\/centrala.org.uk\/pl\/wp-content\/uploads\/sites\/2\/2015\/06\/LocomotiveAwards-640x125.jpg 640w, https:\/\/centrala.org.uk\/pl\/wp-content\/uploads\/sites\/2\/2015\/06\/LocomotiveAwards-220x43.jpg 220w, https:\/\/centrala.org.uk\/pl\/wp-content\/uploads\/sites\/2\/2015\/06\/LocomotiveAwards-1400x274.jpg 1400w, https:\/\/centrala.org.uk\/pl\/wp-content\/uploads\/sites\/2\/2015\/06\/LocomotiveAwards-210x41.jpg 210w, https:\/\/centrala.org.uk\/pl\/wp-content\/uploads\/sites\/2\/2015\/06\/LocomotiveAwards-480x94.jpg 480w, https:\/\/centrala.org.uk\/pl\/wp-content\/uploads\/sites\/2\/2015\/06\/LocomotiveAwards.jpg 1615w\" sizes=\"auto, (max-width: 640px) 100vw, 640px\" \/><\/p>\n<p><img loading=\"lazy\" decoding=\"async\" class=\"alignnone size-medium wp-image-943\" src=\"https:\/\/centrala.org.uk\/pl\/wp-content\/uploads\/sites\/2\/2015\/06\/2_m-640x435.jpg\" alt=\"2_m\" width=\"640\" height=\"435\" srcset=\"https:\/\/centrala.org.uk\/pl\/wp-content\/uploads\/sites\/2\/2015\/06\/2_m-640x435.jpg 640w, https:\/\/centrala.org.uk\/pl\/wp-content\/uploads\/sites\/2\/2015\/06\/2_m-210x142.jpg 210w, https:\/\/centrala.org.uk\/pl\/wp-content\/uploads\/sites\/2\/2015\/06\/2_m-480x326.jpg 480w, https:\/\/centrala.org.uk\/pl\/wp-content\/uploads\/sites\/2\/2015\/06\/2_m.jpg 966w\" sizes=\"auto, (max-width: 640px) 100vw, 640px\" \/><\/p>\n","protected":false},"excerpt":{"rendered":"<p>Na podstawie tekst\u00f3w Juliana Tuwima<\/p>\n","protected":false},"featured_media":942,"comment_status":"closed","ping_status":"closed","template":"","meta":{"_acf_changed":false},"product_brand":[],"product_cat":[42,47],"product_tag":[228,229,227],"series":[],"class_list":{"0":"post-940","1":"product","2":"type-product","3":"status-publish","4":"has-post-thumbnail","6":"product_cat-dla-dzieci","7":"product_cat-dla-mlodziezy","8":"product_tag-gurowska","9":"product_tag-ruszczyk","10":"product_tag-tuwim","12":"first","13":"outofstock","14":"shipping-taxable","15":"purchasable","16":"product-type-simple"},"acf":[],"_links":{"self":[{"href":"https:\/\/centrala.org.uk\/pl\/wp-json\/wp\/v2\/product\/940","targetHints":{"allow":["GET"]}}],"collection":[{"href":"https:\/\/centrala.org.uk\/pl\/wp-json\/wp\/v2\/product"}],"about":[{"href":"https:\/\/centrala.org.uk\/pl\/wp-json\/wp\/v2\/types\/product"}],"replies":[{"embeddable":true,"href":"https:\/\/centrala.org.uk\/pl\/wp-json\/wp\/v2\/comments?post=940"}],"wp:featuredmedia":[{"embeddable":true,"href":"https:\/\/centrala.org.uk\/pl\/wp-json\/wp\/v2\/media\/942"}],"wp:attachment":[{"href":"https:\/\/centrala.org.uk\/pl\/wp-json\/wp\/v2\/media?parent=940"}],"wp:term":[{"taxonomy":"product_brand","embeddable":true,"href":"https:\/\/centrala.org.uk\/pl\/wp-json\/wp\/v2\/product_brand?post=940"},{"taxonomy":"product_cat","embeddable":true,"href":"https:\/\/centrala.org.uk\/pl\/wp-json\/wp\/v2\/product_cat?post=940"},{"taxonomy":"product_tag","embeddable":true,"href":"https:\/\/centrala.org.uk\/pl\/wp-json\/wp\/v2\/product_tag?post=940"},{"taxonomy":"series","embeddable":true,"href":"https:\/\/centrala.org.uk\/pl\/wp-json\/wp\/v2\/series?post=940"}],"curies":[{"name":"wp","href":"https:\/\/api.w.org\/{rel}","templated":true}]}}