{"id":946,"date":"2015-06-12T15:52:23","date_gmt":"2015-06-12T13:52:23","guid":{"rendered":"http:\/\/centrala.org.uk\/pl\/?post_type=product&#038;p=946"},"modified":"2021-12-10T12:13:33","modified_gmt":"2021-12-10T11:13:33","slug":"przyjaciele","status":"publish","type":"product","link":"https:\/\/centrala.org.uk\/pl\/sklep\/przyjaciele\/","title":{"rendered":"Przyjaciele"},"content":{"rendered":"<p>\u201eJak ty si\u0119 zachowujesz? Powiniene\u015b si\u0119 zobaczy\u0107. Najpierw chcesz co\u015b zmieni\u0107, chcesz nale\u017ce\u0107 do Klanu, a potem nagle pojawia si\u0119 jaki\u015b kundel, a w czapce jest za gor\u0105co\u201d.<div id='gallery-1' class='gallery galleryid-946 gallery-columns-3 gallery-size-thumbnail'><figure class='gallery-item'>\n\t\t\t<div class='gallery-icon portrait'>\n\t\t\t\t<a href='https:\/\/centrala.org.uk\/pl\/przyjaciele\/friendspl_promo-12-2\/'><img loading=\"lazy\" decoding=\"async\" width=\"220\" height=\"312\" src=\"https:\/\/centrala.org.uk\/pl\/wp-content\/uploads\/sites\/2\/2015\/06\/FriendsPL_promo-12.jpg\" class=\"attachment-thumbnail size-thumbnail\" alt=\"&quot;Przyjaciele&quot; Jan Soeken\" srcset=\"https:\/\/centrala.org.uk\/pl\/wp-content\/uploads\/sites\/2\/2015\/06\/FriendsPL_promo-12.jpg 1417w, https:\/\/centrala.org.uk\/pl\/wp-content\/uploads\/sites\/2\/2015\/06\/FriendsPL_promo-12-640x906.jpg 640w, https:\/\/centrala.org.uk\/pl\/wp-content\/uploads\/sites\/2\/2015\/06\/FriendsPL_promo-12-1400x1982.jpg 1400w, https:\/\/centrala.org.uk\/pl\/wp-content\/uploads\/sites\/2\/2015\/06\/FriendsPL_promo-12-635x900.jpg 635w, https:\/\/centrala.org.uk\/pl\/wp-content\/uploads\/sites\/2\/2015\/06\/FriendsPL_promo-12-210x297.jpg 210w, https:\/\/centrala.org.uk\/pl\/wp-content\/uploads\/sites\/2\/2015\/06\/FriendsPL_promo-12-480x679.jpg 480w\" sizes=\"auto, (max-width: 220px) 100vw, 220px\" \/><\/a>\n\t\t\t<\/div><\/figure><figure class='gallery-item'>\n\t\t\t<div class='gallery-icon portrait'>\n\t\t\t\t<a href='https:\/\/centrala.org.uk\/pl\/przyjaciele\/friendspl_promo-13-2\/'><img loading=\"lazy\" decoding=\"async\" width=\"220\" height=\"311\" src=\"https:\/\/centrala.org.uk\/pl\/wp-content\/uploads\/sites\/2\/2015\/06\/FriendsPL_promo-13-220x311.jpg\" class=\"attachment-thumbnail size-thumbnail\" alt=\"&quot;Przyjaciele&quot; Jan Soeken\" srcset=\"https:\/\/centrala.org.uk\/pl\/wp-content\/uploads\/sites\/2\/2015\/06\/FriendsPL_promo-13-220x311.jpg 220w, https:\/\/centrala.org.uk\/pl\/wp-content\/uploads\/sites\/2\/2015\/06\/FriendsPL_promo-13-640x906.jpg 640w, https:\/\/centrala.org.uk\/pl\/wp-content\/uploads\/sites\/2\/2015\/06\/FriendsPL_promo-13-1400x1982.jpg 1400w, https:\/\/centrala.org.uk\/pl\/wp-content\/uploads\/sites\/2\/2015\/06\/FriendsPL_promo-13-635x900.jpg 635w, https:\/\/centrala.org.uk\/pl\/wp-content\/uploads\/sites\/2\/2015\/06\/FriendsPL_promo-13-210x297.jpg 210w, https:\/\/centrala.org.uk\/pl\/wp-content\/uploads\/sites\/2\/2015\/06\/FriendsPL_promo-13-480x679.jpg 480w, https:\/\/centrala.org.uk\/pl\/wp-content\/uploads\/sites\/2\/2015\/06\/FriendsPL_promo-13.jpg 1417w\" sizes=\"auto, (max-width: 220px) 100vw, 220px\" \/><\/a>\n\t\t\t<\/div><\/figure><figure class='gallery-item'>\n\t\t\t<div class='gallery-icon portrait'>\n\t\t\t\t<a href='https:\/\/centrala.org.uk\/pl\/przyjaciele\/friendspl_promo-14-2\/'><img loading=\"lazy\" decoding=\"async\" width=\"220\" height=\"311\" src=\"https:\/\/centrala.org.uk\/pl\/wp-content\/uploads\/sites\/2\/2015\/06\/FriendsPL_promo-14-220x311.jpg\" class=\"attachment-thumbnail size-thumbnail\" alt=\"&quot;Przyjaciele&quot; Jan Soeken\" srcset=\"https:\/\/centrala.org.uk\/pl\/wp-content\/uploads\/sites\/2\/2015\/06\/FriendsPL_promo-14-220x311.jpg 220w, https:\/\/centrala.org.uk\/pl\/wp-content\/uploads\/sites\/2\/2015\/06\/FriendsPL_promo-14-640x906.jpg 640w, https:\/\/centrala.org.uk\/pl\/wp-content\/uploads\/sites\/2\/2015\/06\/FriendsPL_promo-14-1400x1982.jpg 1400w, https:\/\/centrala.org.uk\/pl\/wp-content\/uploads\/sites\/2\/2015\/06\/FriendsPL_promo-14-635x900.jpg 635w, https:\/\/centrala.org.uk\/pl\/wp-content\/uploads\/sites\/2\/2015\/06\/FriendsPL_promo-14-210x297.jpg 210w, https:\/\/centrala.org.uk\/pl\/wp-content\/uploads\/sites\/2\/2015\/06\/FriendsPL_promo-14-480x679.jpg 480w, https:\/\/centrala.org.uk\/pl\/wp-content\/uploads\/sites\/2\/2015\/06\/FriendsPL_promo-14.jpg 1417w\" sizes=\"auto, (max-width: 220px) 100vw, 220px\" \/><\/a>\n\t\t\t<\/div><\/figure><figure class='gallery-item'>\n\t\t\t<div class='gallery-icon portrait'>\n\t\t\t\t<a href='https:\/\/centrala.org.uk\/pl\/przyjaciele\/friendspl_promo-15-2\/'><img loading=\"lazy\" decoding=\"async\" width=\"220\" height=\"311\" src=\"https:\/\/centrala.org.uk\/pl\/wp-content\/uploads\/sites\/2\/2015\/06\/FriendsPL_promo-15-220x311.jpg\" class=\"attachment-thumbnail size-thumbnail\" alt=\"&quot;Przyjaciele&quot; Jan Soeken\" srcset=\"https:\/\/centrala.org.uk\/pl\/wp-content\/uploads\/sites\/2\/2015\/06\/FriendsPL_promo-15-220x311.jpg 220w, https:\/\/centrala.org.uk\/pl\/wp-content\/uploads\/sites\/2\/2015\/06\/FriendsPL_promo-15-640x906.jpg 640w, https:\/\/centrala.org.uk\/pl\/wp-content\/uploads\/sites\/2\/2015\/06\/FriendsPL_promo-15-1400x1982.jpg 1400w, https:\/\/centrala.org.uk\/pl\/wp-content\/uploads\/sites\/2\/2015\/06\/FriendsPL_promo-15-635x900.jpg 635w, https:\/\/centrala.org.uk\/pl\/wp-content\/uploads\/sites\/2\/2015\/06\/FriendsPL_promo-15-210x297.jpg 210w, https:\/\/centrala.org.uk\/pl\/wp-content\/uploads\/sites\/2\/2015\/06\/FriendsPL_promo-15-480x679.jpg 480w, https:\/\/centrala.org.uk\/pl\/wp-content\/uploads\/sites\/2\/2015\/06\/FriendsPL_promo-15.jpg 1417w\" sizes=\"auto, (max-width: 220px) 100vw, 220px\" \/><\/a>\n\t\t\t<\/div><\/figure>\n\t\t<\/div>\n<\/p>\n","protected":false},"excerpt":{"rendered":"<p>Dw\u00f3ch przyjaci\u00f3\u0142 jest w drodze na spotkanie Ku-Klux-Klanu landu Badenia-Wirtembergia. G\u0142upio tylko, \u017ce instrukcje w mailu nie by\u0142y wystarczaj\u0105co dok\u0142adne.[gallery ids=\"970,971,972,973\"]<\/p>\n","protected":false},"featured_media":977,"comment_status":"closed","ping_status":"closed","template":"","meta":{"_acf_changed":false},"product_brand":[],"product_cat":[47,32],"product_tag":[9914,230],"series":[],"class_list":{"0":"post-946","1":"product","2":"type-product","3":"status-publish","4":"has-post-thumbnail","6":"product_cat-dla-mlodziezy","7":"product_cat-komiks","8":"product_tag-centrala","9":"product_tag-niemiecki","11":"first","12":"outofstock","13":"shipping-taxable","14":"purchasable","15":"product-type-simple"},"acf":[],"_links":{"self":[{"href":"https:\/\/centrala.org.uk\/pl\/wp-json\/wp\/v2\/product\/946","targetHints":{"allow":["GET"]}}],"collection":[{"href":"https:\/\/centrala.org.uk\/pl\/wp-json\/wp\/v2\/product"}],"about":[{"href":"https:\/\/centrala.org.uk\/pl\/wp-json\/wp\/v2\/types\/product"}],"replies":[{"embeddable":true,"href":"https:\/\/centrala.org.uk\/pl\/wp-json\/wp\/v2\/comments?post=946"}],"wp:featuredmedia":[{"embeddable":true,"href":"https:\/\/centrala.org.uk\/pl\/wp-json\/wp\/v2\/media\/977"}],"wp:attachment":[{"href":"https:\/\/centrala.org.uk\/pl\/wp-json\/wp\/v2\/media?parent=946"}],"wp:term":[{"taxonomy":"product_brand","embeddable":true,"href":"https:\/\/centrala.org.uk\/pl\/wp-json\/wp\/v2\/product_brand?post=946"},{"taxonomy":"product_cat","embeddable":true,"href":"https:\/\/centrala.org.uk\/pl\/wp-json\/wp\/v2\/product_cat?post=946"},{"taxonomy":"product_tag","embeddable":true,"href":"https:\/\/centrala.org.uk\/pl\/wp-json\/wp\/v2\/product_tag?post=946"},{"taxonomy":"series","embeddable":true,"href":"https:\/\/centrala.org.uk\/pl\/wp-json\/wp\/v2\/series?post=946"}],"curies":[{"name":"wp","href":"https:\/\/api.w.org\/{rel}","templated":true}]}}